{"id":612,"date":"2020-06-30T00:20:56","date_gmt":"2020-06-30T03:20:56","guid":{"rendered":"https:\/\/www.bigpoc.com.br\/?page_id=612"},"modified":"2025-07-29T17:51:51","modified_gmt":"2025-07-29T20:51:51","slug":"lista-de-orcamentos","status":"publish","type":"page","link":"https:\/\/www.bigpoc.com.br\/?page_id=612","title":{"rendered":"Lista de or\u00e7amentos"},"content":{"rendered":"\t\t<div data-elementor-type=\"wp-page\" data-elementor-id=\"612\" class=\"elementor elementor-612\">\n\t\t\t\t\t\t<section class=\"elementor-section elementor-top-section elementor-element elementor-element-896242f elementor-section-height-min-height elementor-section-boxed elementor-section-height-default elementor-section-items-middle\" data-id=\"896242f\" data-element_type=\"section\" data-settings=\"{&quot;background_background&quot;:&quot;classic&quot;}\">\n\t\t\t\t\t\t<div class=\"elementor-container elementor-column-gap-default\">\n\t\t\t\t\t<div class=\"elementor-column elementor-col-50 elementor-top-column elementor-element elementor-element-b34b881\" data-id=\"b34b881\" data-element_type=\"column\">\n\t\t\t<div class=\"elementor-widget-wrap elementor-element-populated\">\n\t\t\t\t\t\t<div class=\"elementor-element elementor-element-46c96f0 elementor-widget elementor-widget-heading\" data-id=\"46c96f0\" data-element_type=\"widget\" data-widget_type=\"heading.default\">\n\t\t\t\t<div class=\"elementor-widget-container\">\n\t\t\t\t\t<h2 class=\"elementor-heading-title elementor-size-default\">Lista de or\u00e7amentos<\/h2>\t\t\t\t<\/div>\n\t\t\t\t<\/div>\n\t\t\t\t<div class=\"elementor-element elementor-element-31cb262 elementor-widget elementor-widget-text-editor\" data-id=\"31cb262\" data-element_type=\"widget\" data-widget_type=\"text-editor.default\">\n\t\t\t\t<div class=\"elementor-widget-container\">\n\t\t\t\t\t\t\t\t\t<p>Selecione aqui os principais itens do seu interesse!<\/p>\t\t\t\t\t\t\t\t<\/div>\n\t\t\t\t<\/div>\n\t\t\t\t\t<\/div>\n\t\t<\/div>\n\t\t\t\t<div class=\"elementor-column elementor-col-50 elementor-top-column elementor-element elementor-element-772dd49\" data-id=\"772dd49\" data-element_type=\"column\">\n\t\t\t<div class=\"elementor-widget-wrap\">\n\t\t\t\t\t\t\t<\/div>\n\t\t<\/div>\n\t\t\t\t\t<\/div>\n\t\t<\/section>\n\t\t\t\t<section class=\"elementor-section elementor-top-section elementor-element elementor-element-9f15cb5 elementor-section-boxed elementor-section-height-default elementor-section-height-default\" data-id=\"9f15cb5\" data-element_type=\"section\">\n\t\t\t\t\t\t<div class=\"elementor-container elementor-column-gap-default\">\n\t\t\t\t\t<div class=\"elementor-column elementor-col-100 elementor-top-column elementor-element elementor-element-73cf7d2\" data-id=\"73cf7d2\" data-element_type=\"column\">\n\t\t\t<div class=\"elementor-widget-wrap elementor-element-populated\">\n\t\t\t\t\t\t<div class=\"elementor-element elementor-element-4f3915a elementor-widget elementor-widget-shortcode\" data-id=\"4f3915a\" data-element_type=\"widget\" data-widget_type=\"shortcode.default\">\n\t\t\t\t<div class=\"elementor-widget-container\">\n\t\t\t\t\t\t\t<div class=\"elementor-shortcode\">\n\n\n<div class=\"box-nav\">\n\n\t<span class=\"elementor-icon-list-icon\">\n\n\t\t<i aria-hidden=\"true\" class=\"fas fa-clipboard-list\"><\/i>\t\n\n\t<\/span>\n\n\t\n\t\t<span> Lista de or\u00e7amentos <\/span>\n\n\t\n<\/div>\n\n\n\n\n\n\n\n\n\n\n\n<style type=\"text\/css\">\n\n\t.box-nav{border-bottom: 1px dotted #F16E2C;padding:10px;margin-bottom: 50px;}\n\n\t.box-nav a{color: #575757; font-size: 18px;}\n\n\t.box-nav span{color: #EB2624; font-weight: bold;font-size: 18px;}\n\n<\/style>\n\n\n\n\n\n\n\n<script>\n\n\tjQuery(function($) {\n\n\n\n\t})\n\n\n\n\n\n\n\n<\/script>\n\n\n\n<\/div>\n\t\t\t\t\t\t<\/div>\n\t\t\t\t<\/div>\n\t\t\t\t\t<\/div>\n\t\t<\/div>\n\t\t\t\t\t<\/div>\n\t\t<\/section>\n\t\t\t\t<section class=\"elementor-section elementor-top-section elementor-element elementor-element-ada0d21 elementor-section-boxed elementor-section-height-default elementor-section-height-default\" data-id=\"ada0d21\" data-element_type=\"section\">\n\t\t\t\t\t\t<div class=\"elementor-container elementor-column-gap-default\">\n\t\t\t\t\t<div class=\"elementor-column elementor-col-100 elementor-top-column elementor-element elementor-element-78b9e09\" data-id=\"78b9e09\" data-element_type=\"column\">\n\t\t\t<div class=\"elementor-widget-wrap elementor-element-populated\">\n\t\t\t\t\t\t<div class=\"elementor-element elementor-element-6786536 elementor-widget elementor-widget-heading\" data-id=\"6786536\" data-element_type=\"widget\" data-widget_type=\"heading.default\">\n\t\t\t\t<div class=\"elementor-widget-container\">\n\t\t\t\t\t<h2 class=\"elementor-heading-title elementor-size-default\">Fa\u00e7a seu or\u00e7amento<\/h2>\t\t\t\t<\/div>\n\t\t\t\t<\/div>\n\t\t\t\t<div class=\"elementor-element elementor-element-71ad76d elementor-widget elementor-widget-text-editor\" data-id=\"71ad76d\" data-element_type=\"widget\" data-widget_type=\"text-editor.default\">\n\t\t\t\t<div class=\"elementor-widget-container\">\n\t\t\t\t\t\t\t\t\t<p>\u00c9 s\u00f3 selecionar os produtos e as quantidades que voc\u00ea deseja. Rapidinho n\u00f3s enviaremos a <br \/>resposta, para que voc\u00ea possa come\u00e7ar a lucrar com a melhor qualidade do mercado!<\/p>\t\t\t\t\t\t\t\t<\/div>\n\t\t\t\t<\/div>\n\t\t\t\t\t<\/div>\n\t\t<\/div>\n\t\t\t\t\t<\/div>\n\t\t<\/section>\n\t\t\t\t<section class=\"elementor-section elementor-top-section elementor-element elementor-element-7aa4e31 box-orcamento elementor-section-boxed elementor-section-height-default elementor-section-height-default\" data-id=\"7aa4e31\" data-element_type=\"section\">\n\t\t\t\t\t\t<div class=\"elementor-container elementor-column-gap-default\">\n\t\t\t\t\t<div class=\"elementor-column elementor-col-100 elementor-top-column elementor-element elementor-element-e496d86\" data-id=\"e496d86\" data-element_type=\"column\">\n\t\t\t<div class=\"elementor-widget-wrap elementor-element-populated\">\n\t\t\t\t\t\t<div class=\"elementor-element elementor-element-631ccbf elementor-widget elementor-widget-shortcode\" data-id=\"631ccbf\" data-element_type=\"widget\" data-widget_type=\"shortcode.default\">\n\t\t\t\t<div class=\"elementor-widget-container\">\n\t\t\t\t\t\t\t<div class=\"elementor-shortcode\">\n<div class=\"d-flex\" style=\"ALIGN-ITEMS: unset;\" id=\"box-list-singles\">\n\t\t\t\t<div class=\"text-center w-100\">\n\t\t\t\t<h3>OPS! SUA LISTA EST\u00c1 VAZIO.<\/h3>\n\t\t\t\t<p><\/p>\n\t\t\t<\/div>\n\t\t\t\t<\/div>\n\n\n\t<style type=\"text\/css\">\n\t\t.w-100{width: 100%;}\n\t\t.text-center{text-align: center}\n\t\t.box-single{display: flex;-ms-flex: 0 0 100%;    flex: 0 0 100%;    max-width: 100%;}\n\n\t\t.d-flex{display: flex; flex-wrap: wrap; align-items: center;}\t\n\n\t\t.box1{border: 1px solid #ccc; width: 82%;padding: 20px; margin: 5px;    justify-content: space-between;}\n\t\t.box1 img{width: 60px;}\n\t\t.box2{border: 1px solid #ccc; width: 15%;padding:20px; margin: 5px;text-align: center;}\n\t\t.box2 > div{margin:auto;}\n\n\n\t\t.removeList{\n\t\t\tborder-radius: 100%;\n\t\t\tbackground: #eee;\n\t\t\twidth: 25px;\n\t\t\tfont-size: 12px;\n\t\t\tcolor: #ababab;\n\t\t\tfont-weight: bold;\n\t\t\theight: 25px;\n\t\t\tdisplay: block;\n\t\t\ttext-align: center;\n\t\t\tline-height: 26px;\n\t\t}\n\t\t.removeList:hover{background: #CECECE;}\n\n\t\t.titulo{color: #F59D22;font-size: 18px; font-weight: bold;margin-left: 15px;\t}\n\n\n\n\n\n\t\t.box-qtd{\n\n\t\t\tdisplay: flex;\n\n\t\t\talign-content: center;\n\n\t\t\tflex-wrap: wrap;\n\n\t\t}\n\n\n\n\t<\/style>\n\n\n\n\n\n\n\n\n\n\n\n\t<script>\n\n\t\tjQuery(function($) {\n\n\n\n\t\t})\n\n\n\n\n\n\n\n\t<\/script>\n\n\n\n<\/div>\n\t\t\t\t\t\t<\/div>\n\t\t\t\t<\/div>\n\t\t\t\t<div class=\"elementor-element elementor-element-8d49f61 elementor-icon-list--layout-inline elementor-align-center elementor-list-item-link-full_width elementor-widget elementor-widget-icon-list\" data-id=\"8d49f61\" data-element_type=\"widget\" data-widget_type=\"icon-list.default\">\n\t\t\t\t<div class=\"elementor-widget-container\">\n\t\t\t\t\t\t\t<ul class=\"elementor-icon-list-items elementor-inline-items\">\n\t\t\t\t\t\t\t<li class=\"elementor-icon-list-item elementor-inline-item\">\n\t\t\t\t\t\t\t\t\t\t\t<span class=\"elementor-icon-list-icon\">\n\t\t\t\t\t\t\t<i aria-hidden=\"true\" class=\"fas fa-clipboard-list\"><\/i>\t\t\t\t\t\t<\/span>\n\t\t\t\t\t\t\t\t\t\t<span class=\"elementor-icon-list-text\">Minha lista<\/span>\n\t\t\t\t\t\t\t\t\t<\/li>\n\t\t\t\t\t\t<\/ul>\n\t\t\t\t\t\t<\/div>\n\t\t\t\t<\/div>\n\t\t\t\t\t<\/div>\n\t\t<\/div>\n\t\t\t\t\t<\/div>\n\t\t<\/section>\n\t\t\t\t<section class=\"elementor-section elementor-top-section elementor-element elementor-element-bc2ec0a elementor-section-boxed elementor-section-height-default elementor-section-height-default\" data-id=\"bc2ec0a\" data-element_type=\"section\" id=\"contact-footer\">\n\t\t\t\t\t\t<div class=\"elementor-container elementor-column-gap-default\">\n\t\t\t\t\t<div class=\"elementor-column elementor-col-100 elementor-top-column elementor-element elementor-element-80edcb3\" data-id=\"80edcb3\" data-element_type=\"column\">\n\t\t\t<div class=\"elementor-widget-wrap elementor-element-populated\">\n\t\t\t\t\t\t<section class=\"elementor-section elementor-inner-section elementor-element elementor-element-45f652f box form-orcamento elementor-section-boxed elementor-section-height-default elementor-section-height-default elementor-invisible\" data-id=\"45f652f\" data-element_type=\"section\" data-settings=\"{&quot;background_background&quot;:&quot;classic&quot;,&quot;animation&quot;:&quot;fadeIn&quot;}\">\n\t\t\t\t\t\t<div class=\"elementor-container elementor-column-gap-default\">\n\t\t\t\t\t<div class=\"elementor-column elementor-col-50 elementor-inner-column elementor-element elementor-element-ea2e625\" data-id=\"ea2e625\" data-element_type=\"column\">\n\t\t\t<div class=\"elementor-widget-wrap elementor-element-populated\">\n\t\t\t\t\t\t<div class=\"elementor-element elementor-element-74b32bb elementor-widget elementor-widget-heading\" data-id=\"74b32bb\" data-element_type=\"widget\" data-widget_type=\"heading.default\">\n\t\t\t\t<div class=\"elementor-widget-container\">\n\t\t\t\t\t<h2 class=\"elementor-heading-title elementor-size-default\">Preencha o<\/h2>\t\t\t\t<\/div>\n\t\t\t\t<\/div>\n\t\t\t\t<div class=\"elementor-element elementor-element-fe4f58c elementor-widget elementor-widget-heading\" data-id=\"fe4f58c\" data-element_type=\"widget\" data-widget_type=\"heading.default\">\n\t\t\t\t<div class=\"elementor-widget-container\">\n\t\t\t\t\t<h2 class=\"elementor-heading-title elementor-size-default\">formul\u00e1rio<\/h2>\t\t\t\t<\/div>\n\t\t\t\t<\/div>\n\t\t\t\t<div class=\"elementor-element elementor-element-99aac22 elementor-widget elementor-widget-heading\" data-id=\"99aac22\" data-element_type=\"widget\" data-widget_type=\"heading.default\">\n\t\t\t\t<div class=\"elementor-widget-container\">\n\t\t\t\t\t<h2 class=\"elementor-heading-title elementor-size-default\">e envie sua solicita\u00e7\u00e3o<\/h2>\t\t\t\t<\/div>\n\t\t\t\t<\/div>\n\t\t\t\t\t<\/div>\n\t\t<\/div>\n\t\t\t\t<div class=\"elementor-column elementor-col-50 elementor-inner-column elementor-element elementor-element-9fcb97f\" data-id=\"9fcb97f\" data-element_type=\"column\">\n\t\t\t<div class=\"elementor-widget-wrap elementor-element-populated\">\n\t\t\t\t\t\t<div class=\"elementor-element elementor-element-456c9e8 eael-contact-form-7-button-align-left eael-contact-form-7-button-custom elementor-widget elementor-widget-eael-contact-form-7\" data-id=\"456c9e8\" data-element_type=\"widget\" data-widget_type=\"eael-contact-form-7.default\">\n\t\t\t\t<div class=\"elementor-widget-container\">\n\t\t\t\t\t<div class=\"eael-contact-form-7-wrapper\">\n                <div class=\"eael-contact-form eael-contact-form-7 eael-contact-form-456c9e8 placeholder-show eael-contact-form-align-default\">\n<div class=\"wpcf7 no-js\" id=\"wpcf7-f822-o1\" lang=\"pt-BR\" dir=\"ltr\" data-wpcf7-id=\"822\">\n<div class=\"screen-reader-response\"><p role=\"status\" aria-live=\"polite\" aria-atomic=\"true\"><\/p> <ul><\/ul><\/div>\n<form action=\"\/index.php?rest_route=%2Fwp%2Fv2%2Fpages%2F612#wpcf7-f822-o1\" method=\"post\" class=\"wpcf7-form init\" aria-label=\"Formul\u00e1rios de contato\" novalidate=\"novalidate\" data-status=\"init\">\n<fieldset class=\"hidden-fields-container\"><input type=\"hidden\" name=\"_wpcf7\" value=\"822\" \/><input type=\"hidden\" name=\"_wpcf7_version\" value=\"6.1.5\" \/><input type=\"hidden\" name=\"_wpcf7_locale\" value=\"pt_BR\" \/><input type=\"hidden\" name=\"_wpcf7_unit_tag\" value=\"wpcf7-f822-o1\" \/><input type=\"hidden\" name=\"_wpcf7_container_post\" value=\"0\" \/><input type=\"hidden\" name=\"_wpcf7_posted_data_hash\" value=\"\" \/>\n<\/fieldset>\n<p><span class=\"wpcf7-form-control-wrap\" data-name=\"nome-completo\"><input size=\"40\" maxlength=\"400\" class=\"wpcf7-form-control wpcf7-text wpcf7-validates-as-required input\" id=\"nome-completo\" aria-required=\"true\" aria-invalid=\"false\" placeholder=\"Nome completo\" value=\"\" type=\"text\" name=\"nome-completo\" \/><\/span><br \/>\n<span class=\"wpcf7-form-control-wrap\" data-name=\"nome-cnpj\"><input size=\"40\" maxlength=\"400\" class=\"wpcf7-form-control wpcf7-text wpcf7-validates-as-required input\" id=\"cnpj\" aria-required=\"true\" aria-invalid=\"false\" placeholder=\"CNPJ\" value=\"\" type=\"text\" name=\"nome-cnpj\" \/><\/span><br \/>\n<span class=\"wpcf7-form-control-wrap\" data-name=\"endereco\"><input size=\"40\" maxlength=\"400\" class=\"wpcf7-form-control wpcf7-text wpcf7-validates-as-required input\" id=\"endereco\" aria-required=\"true\" aria-invalid=\"false\" placeholder=\"Endere\u00e7o\" value=\"\" type=\"text\" name=\"endereco\" \/><\/span><br \/>\n<span class=\"wpcf7-form-control-wrap\" data-name=\"endereco_complemento\"><input size=\"40\" maxlength=\"400\" class=\"wpcf7-form-control wpcf7-text wpcf7-validates-as-required input\" id=\"endereco_complemento\" aria-required=\"true\" aria-invalid=\"false\" placeholder=\"Complemento\" value=\"\" type=\"text\" name=\"endereco_complemento\" \/><\/span><br \/>\n<span class=\"wpcf7-form-control-wrap\" data-name=\"endereco_bairro\"><input size=\"40\" maxlength=\"400\" class=\"wpcf7-form-control wpcf7-text wpcf7-validates-as-required input\" id=\"endereco_bairro\" aria-required=\"true\" aria-invalid=\"false\" placeholder=\"Bairro\" value=\"\" type=\"text\" name=\"endereco_bairro\" \/><\/span><br \/>\n<span class=\"wpcf7-form-control-wrap\" data-name=\"endereco_cidade\"><input size=\"40\" maxlength=\"400\" class=\"wpcf7-form-control wpcf7-text wpcf7-validates-as-required input\" id=\"endereco_cidade\" aria-required=\"true\" aria-invalid=\"false\" placeholder=\"Cidade\" value=\"\" type=\"text\" name=\"endereco_cidade\" \/><\/span><br \/>\n<span class=\"wpcf7-form-control-wrap\" data-name=\"endereco_estado\"><input size=\"40\" maxlength=\"400\" class=\"wpcf7-form-control wpcf7-text wpcf7-validates-as-required input\" id=\"endereco_estado\" aria-required=\"true\" aria-invalid=\"false\" placeholder=\"UF\" value=\"\" type=\"text\" name=\"endereco_estado\" \/><\/span><br \/>\n<span class=\"wpcf7-form-control-wrap\" data-name=\"endereco_cep\"><input size=\"40\" maxlength=\"400\" class=\"wpcf7-form-control wpcf7-text wpcf7-validates-as-required input\" id=\"endereco_cep\" aria-required=\"true\" aria-invalid=\"false\" placeholder=\"CEP\" value=\"\" type=\"text\" name=\"endereco_cep\" \/><\/span><br \/>\n<span class=\"wpcf7-form-control-wrap\" data-name=\"telefone\"><input size=\"40\" maxlength=\"400\" class=\"wpcf7-form-control wpcf7-tel wpcf7-validates-as-required wpcf7-text wpcf7-validates-as-tel input\" id=\"telefone-contato\" aria-required=\"true\" aria-invalid=\"false\" placeholder=\"Telefone:\" value=\"\" type=\"tel\" name=\"telefone\" \/><\/span><br \/>\n<span class=\"wpcf7-form-control-wrap\" data-name=\"celular\"><input size=\"40\" maxlength=\"400\" class=\"wpcf7-form-control wpcf7-tel wpcf7-validates-as-required wpcf7-text wpcf7-validates-as-tel input\" id=\"celular-contato\" aria-required=\"true\" aria-invalid=\"false\" placeholder=\"Celular:\" value=\"\" type=\"tel\" name=\"celular\" \/><\/span><br \/>\n<span class=\"wpcf7-form-control-wrap\" data-name=\"email\"><input size=\"40\" maxlength=\"400\" class=\"wpcf7-form-control wpcf7-email wpcf7-validates-as-required wpcf7-text wpcf7-validates-as-email input\" id=\"email-contato\" aria-required=\"true\" aria-invalid=\"false\" placeholder=\"E-mail:\" value=\"\" type=\"email\" name=\"email\" \/><\/span>\n<\/p>\n<div style=\"display:none;\" id=\"lista-orcamentos\">\n<\/div>\n<p><span class=\"wpcf7-form-control-wrap\" data-name=\"mensagem-contato\"><textarea cols=\"40\" rows=\"10\" maxlength=\"2000\" class=\"wpcf7-form-control wpcf7-textarea wpcf7-validates-as-required textarea\" id=\"mensagem-contato\" aria-required=\"true\" aria-invalid=\"false\" placeholder=\"Mensagem:\" name=\"mensagem-contato\"><\/textarea><\/span>\n<\/p>\n<div>\n\t<p><div class=\"g-recaptcha\" data-sitekey=\"6LeA9CArAAAAAAeEkqYAres9j84ez3Ke0hYgOCpj\"><\/div>\n            <script src=\"https:\/\/www.google.com\/recaptcha\/api.js\" async defer><\/script>\n\t<\/p>\n<\/div>\n<p><input class=\"wpcf7-form-control wpcf7-submit has-spinner btn-submit\" id=\"btn-enviar-contato\" type=\"submit\" value=\"Enviar\" \/>\n<\/p><div class=\"wpcf7-response-output\" aria-hidden=\"true\"><\/div>\n<\/form>\n<\/div>\n<\/div>\n            <\/div>\t\t\t\t<\/div>\n\t\t\t\t<\/div>\n\t\t\t\t\t<\/div>\n\t\t<\/div>\n\t\t\t\t\t<\/div>\n\t\t<\/section>\n\t\t\t\t\t<\/div>\n\t\t<\/div>\n\t\t\t\t\t<\/div>\n\t\t<\/section>\n\t\t\t\t<\/div>\n\t\t","protected":false},"excerpt":{"rendered":"<p>Lista de or\u00e7amentos Selecione aqui os principais itens do seu interesse! Fa\u00e7a seu or\u00e7amento \u00c9 s\u00f3 selecionar os produtos e as quantidades que voc\u00ea deseja. Rapidinho n\u00f3s enviaremos a resposta, para que voc\u00ea possa come\u00e7ar a lucrar com a melhor qualidade do mercado! Minha lista Preencha o formul\u00e1rio e envie sua solicita\u00e7\u00e3o<\/p>\n","protected":false},"author":2,"featured_media":0,"parent":0,"menu_order":0,"comment_status":"closed","ping_status":"closed","template":"elementor_header_footer","meta":{"_acf_changed":false,"footnotes":""},"class_list":["post-612","page","type-page","status-publish","hentry"],"acf":[],"yoast_head":"<!-- This site is optimized with the Yoast SEO plugin v27.5 - https:\/\/yoast.com\/product\/yoast-seo-wordpress\/ -->\n<title>Lista de or\u00e7amentos - Big Poc<\/title>\n<meta name=\"robots\" content=\"index, follow, max-snippet:-1, max-image-preview:large, max-video-preview:-1\" \/>\n<link rel=\"canonical\" href=\"https:\/\/www.bigpoc.com.br\/?page_id=612\" \/>\n<meta property=\"og:locale\" content=\"pt_BR\" \/>\n<meta property=\"og:type\" content=\"article\" \/>\n<meta property=\"og:title\" content=\"Lista de or\u00e7amentos - Big Poc\" \/>\n<meta property=\"og:description\" content=\"Lista de or\u00e7amentos Selecione aqui os principais itens do seu interesse! Fa\u00e7a seu or\u00e7amento \u00c9 s\u00f3 selecionar os produtos e as quantidades que voc\u00ea deseja. Rapidinho n\u00f3s enviaremos a resposta, para que voc\u00ea possa come\u00e7ar a lucrar com a melhor qualidade do mercado! Minha lista Preencha o formul\u00e1rio e envie sua solicita\u00e7\u00e3o\" \/>\n<meta property=\"og:url\" content=\"https:\/\/www.bigpoc.com.br\/?page_id=612\" \/>\n<meta property=\"og:site_name\" content=\"Big Poc\" \/>\n<meta property=\"article:publisher\" content=\"https:\/\/www.facebook.com\/bigpoc\" \/>\n<meta property=\"article:modified_time\" content=\"2025-07-29T20:51:51+00:00\" \/>\n<meta property=\"og:image\" content=\"https:\/\/www.bigpoc.com.br\/wp-content\/uploads\/2021\/09\/3180_Banner_Site_1_Novos_Sabores_Pipoca_Big_Poc.png\" \/>\n\t<meta property=\"og:image:width\" content=\"1905\" \/>\n\t<meta property=\"og:image:height\" content=\"570\" \/>\n\t<meta property=\"og:image:type\" content=\"image\/png\" \/>\n<meta name=\"twitter:card\" content=\"summary_large_image\" \/>\n<script type=\"application\/ld+json\" class=\"yoast-schema-graph\">{\"@context\":\"https:\\\/\\\/schema.org\",\"@graph\":[{\"@type\":\"WebPage\",\"@id\":\"https:\\\/\\\/www.bigpoc.com.br\\\/?page_id=612\",\"url\":\"https:\\\/\\\/www.bigpoc.com.br\\\/?page_id=612\",\"name\":\"Lista de or\u00e7amentos - Big Poc\",\"isPartOf\":{\"@id\":\"https:\\\/\\\/www.bigpoc.com.br\\\/#website\"},\"datePublished\":\"2020-06-30T03:20:56+00:00\",\"dateModified\":\"2025-07-29T20:51:51+00:00\",\"breadcrumb\":{\"@id\":\"https:\\\/\\\/www.bigpoc.com.br\\\/?page_id=612#breadcrumb\"},\"inLanguage\":\"pt-BR\",\"potentialAction\":[{\"@type\":\"ReadAction\",\"target\":[\"https:\\\/\\\/www.bigpoc.com.br\\\/?page_id=612\"]}]},{\"@type\":\"BreadcrumbList\",\"@id\":\"https:\\\/\\\/www.bigpoc.com.br\\\/?page_id=612#breadcrumb\",\"itemListElement\":[{\"@type\":\"ListItem\",\"position\":1,\"name\":\"In\u00edcio\",\"item\":\"https:\\\/\\\/www.bigpoc.com.br\\\/\"},{\"@type\":\"ListItem\",\"position\":2,\"name\":\"Lista de or\u00e7amentos\"}]},{\"@type\":\"WebSite\",\"@id\":\"https:\\\/\\\/www.bigpoc.com.br\\\/#website\",\"url\":\"https:\\\/\\\/www.bigpoc.com.br\\\/\",\"name\":\"Big Poc\",\"description\":\"Uma explos\u00e3o de sabor e divers\u00e3o\",\"publisher\":{\"@id\":\"https:\\\/\\\/www.bigpoc.com.br\\\/#organization\"},\"potentialAction\":[{\"@type\":\"SearchAction\",\"target\":{\"@type\":\"EntryPoint\",\"urlTemplate\":\"https:\\\/\\\/www.bigpoc.com.br\\\/?s={search_term_string}\"},\"query-input\":{\"@type\":\"PropertyValueSpecification\",\"valueRequired\":true,\"valueName\":\"search_term_string\"}}],\"inLanguage\":\"pt-BR\"},{\"@type\":\"Organization\",\"@id\":\"https:\\\/\\\/www.bigpoc.com.br\\\/#organization\",\"name\":\"Big Poc\",\"url\":\"https:\\\/\\\/www.bigpoc.com.br\\\/\",\"logo\":{\"@type\":\"ImageObject\",\"inLanguage\":\"pt-BR\",\"@id\":\"https:\\\/\\\/www.bigpoc.com.br\\\/#\\\/schema\\\/logo\\\/image\\\/\",\"url\":\"https:\\\/\\\/www.bigpoc.com.br\\\/wp-content\\\/uploads\\\/2020\\\/06\\\/Grupo-1.png\",\"contentUrl\":\"https:\\\/\\\/www.bigpoc.com.br\\\/wp-content\\\/uploads\\\/2020\\\/06\\\/Grupo-1.png\",\"width\":112,\"height\":99,\"caption\":\"Big Poc\"},\"image\":{\"@id\":\"https:\\\/\\\/www.bigpoc.com.br\\\/#\\\/schema\\\/logo\\\/image\\\/\"},\"sameAs\":[\"https:\\\/\\\/www.facebook.com\\\/bigpoc\",\"https:\\\/\\\/www.linkedin.com\\\/company\\\/big-poc?originalSubdomain=pt\",\"https:\\\/\\\/www.instagram.com\\\/bigpocpipoca\\\/\"]}]}<\/script>\n<!-- \/ Yoast SEO plugin. -->","yoast_head_json":{"title":"Lista de or\u00e7amentos - Big Poc","robots":{"index":"index","follow":"follow","max-snippet":"max-snippet:-1","max-image-preview":"max-image-preview:large","max-video-preview":"max-video-preview:-1"},"canonical":"https:\/\/www.bigpoc.com.br\/?page_id=612","og_locale":"pt_BR","og_type":"article","og_title":"Lista de or\u00e7amentos - Big Poc","og_description":"Lista de or\u00e7amentos Selecione aqui os principais itens do seu interesse! Fa\u00e7a seu or\u00e7amento \u00c9 s\u00f3 selecionar os produtos e as quantidades que voc\u00ea deseja. Rapidinho n\u00f3s enviaremos a resposta, para que voc\u00ea possa come\u00e7ar a lucrar com a melhor qualidade do mercado! Minha lista Preencha o formul\u00e1rio e envie sua solicita\u00e7\u00e3o","og_url":"https:\/\/www.bigpoc.com.br\/?page_id=612","og_site_name":"Big Poc","article_publisher":"https:\/\/www.facebook.com\/bigpoc","article_modified_time":"2025-07-29T20:51:51+00:00","og_image":[{"width":1905,"height":570,"url":"https:\/\/www.bigpoc.com.br\/wp-content\/uploads\/2021\/09\/3180_Banner_Site_1_Novos_Sabores_Pipoca_Big_Poc.png","type":"image\/png"}],"twitter_card":"summary_large_image","schema":{"@context":"https:\/\/schema.org","@graph":[{"@type":"WebPage","@id":"https:\/\/www.bigpoc.com.br\/?page_id=612","url":"https:\/\/www.bigpoc.com.br\/?page_id=612","name":"Lista de or\u00e7amentos - Big Poc","isPartOf":{"@id":"https:\/\/www.bigpoc.com.br\/#website"},"datePublished":"2020-06-30T03:20:56+00:00","dateModified":"2025-07-29T20:51:51+00:00","breadcrumb":{"@id":"https:\/\/www.bigpoc.com.br\/?page_id=612#breadcrumb"},"inLanguage":"pt-BR","potentialAction":[{"@type":"ReadAction","target":["https:\/\/www.bigpoc.com.br\/?page_id=612"]}]},{"@type":"BreadcrumbList","@id":"https:\/\/www.bigpoc.com.br\/?page_id=612#breadcrumb","itemListElement":[{"@type":"ListItem","position":1,"name":"In\u00edcio","item":"https:\/\/www.bigpoc.com.br\/"},{"@type":"ListItem","position":2,"name":"Lista de or\u00e7amentos"}]},{"@type":"WebSite","@id":"https:\/\/www.bigpoc.com.br\/#website","url":"https:\/\/www.bigpoc.com.br\/","name":"Big Poc","description":"Uma explos\u00e3o de sabor e divers\u00e3o","publisher":{"@id":"https:\/\/www.bigpoc.com.br\/#organization"},"potentialAction":[{"@type":"SearchAction","target":{"@type":"EntryPoint","urlTemplate":"https:\/\/www.bigpoc.com.br\/?s={search_term_string}"},"query-input":{"@type":"PropertyValueSpecification","valueRequired":true,"valueName":"search_term_string"}}],"inLanguage":"pt-BR"},{"@type":"Organization","@id":"https:\/\/www.bigpoc.com.br\/#organization","name":"Big Poc","url":"https:\/\/www.bigpoc.com.br\/","logo":{"@type":"ImageObject","inLanguage":"pt-BR","@id":"https:\/\/www.bigpoc.com.br\/#\/schema\/logo\/image\/","url":"https:\/\/www.bigpoc.com.br\/wp-content\/uploads\/2020\/06\/Grupo-1.png","contentUrl":"https:\/\/www.bigpoc.com.br\/wp-content\/uploads\/2020\/06\/Grupo-1.png","width":112,"height":99,"caption":"Big Poc"},"image":{"@id":"https:\/\/www.bigpoc.com.br\/#\/schema\/logo\/image\/"},"sameAs":["https:\/\/www.facebook.com\/bigpoc","https:\/\/www.linkedin.com\/company\/big-poc?originalSubdomain=pt","https:\/\/www.instagram.com\/bigpocpipoca\/"]}]}},"_links":{"self":[{"href":"https:\/\/www.bigpoc.com.br\/index.php?rest_route=\/wp\/v2\/pages\/612","targetHints":{"allow":["GET"]}}],"collection":[{"href":"https:\/\/www.bigpoc.com.br\/index.php?rest_route=\/wp\/v2\/pages"}],"about":[{"href":"https:\/\/www.bigpoc.com.br\/index.php?rest_route=\/wp\/v2\/types\/page"}],"author":[{"embeddable":true,"href":"https:\/\/www.bigpoc.com.br\/index.php?rest_route=\/wp\/v2\/users\/2"}],"replies":[{"embeddable":true,"href":"https:\/\/www.bigpoc.com.br\/index.php?rest_route=%2Fwp%2Fv2%2Fcomments&post=612"}],"version-history":[{"count":0,"href":"https:\/\/www.bigpoc.com.br\/index.php?rest_route=\/wp\/v2\/pages\/612\/revisions"}],"wp:attachment":[{"href":"https:\/\/www.bigpoc.com.br\/index.php?rest_route=%2Fwp%2Fv2%2Fmedia&parent=612"}],"curies":[{"name":"wp","href":"https:\/\/api.w.org\/{rel}","templated":true}]}}