{"id":579,"date":"2020-06-29T23:40:56","date_gmt":"2020-06-30T02:40:56","guid":{"rendered":"https:\/\/www.bigpoc.com.br\/?page_id=579"},"modified":"2020-07-29T17:43:59","modified_gmt":"2020-07-29T20:43:59","slug":"sal","status":"publish","type":"page","link":"https:\/\/www.bigpoc.com.br\/?page_id=579","title":{"rendered":"Sal"},"content":{"rendered":"\t\t<div data-elementor-type=\"wp-page\" data-elementor-id=\"579\" class=\"elementor elementor-579\">\n\t\t\t\t\t\t<section class=\"elementor-section elementor-top-section elementor-element elementor-element-8bfc8c7 elementor-section-full_width elementor-section-height-min-height elementor-section-height-default elementor-section-items-middle\" data-id=\"8bfc8c7\" data-element_type=\"section\" data-settings=\"{&quot;background_background&quot;:&quot;classic&quot;}\">\n\t\t\t\t\t\t<div class=\"elementor-container elementor-column-gap-default\">\n\t\t\t\t\t<div class=\"elementor-column elementor-col-100 elementor-top-column elementor-element elementor-element-91e4148\" data-id=\"91e4148\" data-element_type=\"column\">\n\t\t\t<div class=\"elementor-widget-wrap\">\n\t\t\t\t\t\t\t<\/div>\n\t\t<\/div>\n\t\t\t\t\t<\/div>\n\t\t<\/section>\n\t\t\t\t<section class=\"elementor-section elementor-top-section elementor-element elementor-element-51dc3aa elementor-section-boxed elementor-section-height-default elementor-section-height-default\" data-id=\"51dc3aa\" data-element_type=\"section\">\n\t\t\t\t\t\t<div class=\"elementor-container elementor-column-gap-default\">\n\t\t\t\t\t<div class=\"elementor-column elementor-col-100 elementor-top-column elementor-element elementor-element-4eae334\" data-id=\"4eae334\" data-element_type=\"column\">\n\t\t\t<div class=\"elementor-widget-wrap elementor-element-populated\">\n\t\t\t\t\t\t<div class=\"elementor-element elementor-element-029b343 elementor-widget elementor-widget-shortcode\" data-id=\"029b343\" data-element_type=\"widget\" data-widget_type=\"shortcode.default\">\n\t\t\t\t<div class=\"elementor-widget-container\">\n\t\t\t\t\t\t\t<div class=\"elementor-shortcode\">\n\n\n<div class=\"box-nav\">\n\n\t<span class=\"elementor-icon-list-icon\">\n\n\t\t<i aria-hidden=\"true\" class=\"fas fa-clipboard-list\"><\/i>\t\n\n\t<\/span>\n\n\t\n\t\t<span> Sal <\/span>\n\n\t\n<\/div>\n\n\n\n\n\n\n\n\n\n\n\n<style type=\"text\/css\">\n\n\t.box-nav{border-bottom: 1px dotted #F16E2C;padding:10px;margin-bottom: 50px;}\n\n\t.box-nav a{color: #575757; font-size: 18px;}\n\n\t.box-nav span{color: #EB2624; font-weight: bold;font-size: 18px;}\n\n<\/style>\n\n\n\n\n\n\n\n<script>\n\n\tjQuery(function($) {\n\n\n\n\t})\n\n\n\n\n\n\n\n<\/script>\n\n\n\n<\/div>\n\t\t\t\t\t\t<\/div>\n\t\t\t\t<\/div>\n\t\t\t\t\t<\/div>\n\t\t<\/div>\n\t\t\t\t\t<\/div>\n\t\t<\/section>\n\t\t\t\t<section class=\"elementor-section elementor-top-section elementor-element elementor-element-bbb5729 elementor-section-boxed elementor-section-height-default elementor-section-height-default\" data-id=\"bbb5729\" data-element_type=\"section\">\n\t\t\t\t\t\t<div class=\"elementor-container elementor-column-gap-default\">\n\t\t\t\t\t<div class=\"elementor-column elementor-col-100 elementor-top-column elementor-element elementor-element-e69b82a\" data-id=\"e69b82a\" data-element_type=\"column\">\n\t\t\t<div class=\"elementor-widget-wrap elementor-element-populated\">\n\t\t\t\t\t\t<div class=\"elementor-element elementor-element-5b82b08 elementor-widget elementor-widget-heading\" data-id=\"5b82b08\" data-element_type=\"widget\" data-widget_type=\"heading.default\">\n\t\t\t\t<div class=\"elementor-widget-container\">\n\t\t\t\t\t<h2 class=\"elementor-heading-title elementor-size-default\">sal<\/h2>\t\t\t\t<\/div>\n\t\t\t\t<\/div>\n\t\t\t\t<div class=\"elementor-element elementor-element-d05248f elementor-widget elementor-widget-text-editor\" data-id=\"d05248f\" data-element_type=\"widget\" data-widget_type=\"text-editor.default\">\n\t\t\t\t<div class=\"elementor-widget-container\">\n\t\t\t\t\t\t\t\t\t<p>Produtos de qualidade s\u00e3o a base para um sabor diferenciado. <br \/>Conhe\u00e7a nossos insumos e descubra o segredo do sabor Big Poc!<\/p>\t\t\t\t\t\t\t\t<\/div>\n\t\t\t\t<\/div>\n\t\t\t\t\t<\/div>\n\t\t<\/div>\n\t\t\t\t\t<\/div>\n\t\t<\/section>\n\t\t\t\t<section class=\"elementor-section elementor-top-section elementor-element elementor-element-182e5cf elementor-section-stretched elementor-section-boxed elementor-section-height-default elementor-section-height-default\" data-id=\"182e5cf\" data-element_type=\"section\" data-settings=\"{&quot;stretch_section&quot;:&quot;section-stretched&quot;}\">\n\t\t\t\t\t\t<div class=\"elementor-container elementor-column-gap-default\">\n\t\t\t\t\t<div class=\"elementor-column elementor-col-50 elementor-top-column elementor-element elementor-element-14294fd\" data-id=\"14294fd\" data-element_type=\"column\">\n\t\t\t<div class=\"elementor-widget-wrap elementor-element-populated\">\n\t\t\t\t\t\t<div class=\"elementor-element elementor-element-7b8aba2 elementor-widget elementor-widget-wp-widget-nav_menu\" data-id=\"7b8aba2\" data-element_type=\"widget\" data-widget_type=\"wp-widget-nav_menu.default\">\n\t\t\t\t<div class=\"elementor-widget-container\">\n\t\t\t\t\t<div class=\"menu-categorias-container\"><ul id=\"menu-categorias\" class=\"menu\"><li id=\"menu-item-506\" class=\"menu-item menu-item-type-post_type menu-item-object-page menu-item-has-children menu-item-506\"><a href=\"https:\/\/www.bigpoc.com.br\/?page_id=479\">Equipamentos<\/a>\n<ul class=\"sub-menu\">\n\t<li id=\"menu-item-608\" class=\"menu-item menu-item-type-post_type menu-item-object-page menu-item-608\"><a href=\"https:\/\/www.bigpoc.com.br\/?page_id=532\">Pipoqueiras<\/a><\/li>\n\t<li id=\"menu-item-610\" class=\"menu-item menu-item-type-post_type menu-item-object-page menu-item-610\"><a href=\"https:\/\/www.bigpoc.com.br\/?page_id=541\">M\u00e1quinas para cachorro-quente<\/a><\/li>\n\t<li id=\"menu-item-609\" class=\"menu-item menu-item-type-post_type menu-item-object-page menu-item-609\"><a href=\"https:\/\/www.bigpoc.com.br\/?page_id=544\">M\u00e1quinas para fast-food<\/a><\/li>\n<\/ul>\n<\/li>\n<li id=\"menu-item-662\" class=\"menu-item menu-item-type-post_type menu-item-object-page menu-item-has-children menu-item-662\"><a href=\"https:\/\/www.bigpoc.com.br\/?page_id=552\">Pipocas e insumos<\/a>\n<ul class=\"sub-menu\">\n\t<li id=\"menu-item-1379\" class=\"menu-item menu-item-type-post_type menu-item-object-page menu-item-1379\"><a href=\"https:\/\/www.bigpoc.com.br\/?page_id=1375\">Pipoca para micro-ondas<\/a><\/li>\n\t<li id=\"menu-item-731\" class=\"menu-item menu-item-type-post_type menu-item-object-page menu-item-731\"><a href=\"https:\/\/www.bigpoc.com.br\/?page_id=565\">Pipocas prontas<\/a><\/li>\n\t<li id=\"menu-item-665\" class=\"menu-item menu-item-type-post_type menu-item-object-page menu-item-665\"><a href=\"https:\/\/www.bigpoc.com.br\/?page_id=576\">Milho para pipoqueira<\/a><\/li>\n\t<li id=\"menu-item-666\" class=\"menu-item menu-item-type-post_type menu-item-object-page menu-item-666\"><a href=\"https:\/\/www.bigpoc.com.br\/?page_id=572\">Mistura para pipoca<\/a><\/li>\n\t<li id=\"menu-item-668\" class=\"menu-item menu-item-type-post_type menu-item-object-page menu-item-668\"><a href=\"https:\/\/www.bigpoc.com.br\/?page_id=579\">Sal<\/a><\/li>\n<\/ul>\n<\/li>\n<li id=\"menu-item-663\" class=\"menu-item menu-item-type-post_type menu-item-object-page menu-item-has-children menu-item-663\"><a href=\"https:\/\/www.bigpoc.com.br\/?page_id=582\">Algod\u00e3o Doce<\/a>\n<ul class=\"sub-menu\">\n\t<li id=\"menu-item-1752\" class=\"menu-item menu-item-type-post_type menu-item-object-page menu-item-1752\"><a href=\"https:\/\/www.bigpoc.com.br\/?page_id=1676\">Algod\u00e3o Doce Sabor Abacaxi 35 g<\/a><\/li>\n\t<li id=\"menu-item-961\" class=\"menu-item menu-item-type-post_type menu-item-object-page menu-item-961\"><a href=\"https:\/\/www.bigpoc.com.br\/?page_id=910\">Algod\u00e3o Doce Sabor Framboesa  35 g<\/a><\/li>\n\t<li id=\"menu-item-960\" class=\"menu-item menu-item-type-post_type menu-item-object-page menu-item-960\"><a href=\"https:\/\/www.bigpoc.com.br\/?page_id=915\">Algod\u00e3o Doce Sabor Melancia 35 g<\/a><\/li>\n\t<li id=\"menu-item-1751\" class=\"menu-item menu-item-type-post_type menu-item-object-page menu-item-1751\"><a href=\"https:\/\/www.bigpoc.com.br\/?page_id=1681\">Algod\u00e3o Doce Sabor Morango 35 g<\/a><\/li>\n\t<li id=\"menu-item-963\" class=\"menu-item menu-item-type-post_type menu-item-object-page menu-item-963\"><a href=\"https:\/\/www.bigpoc.com.br\/?page_id=830\">Algod\u00e3o Doce Sabor Original 35 g<\/a><\/li>\n\t<li id=\"menu-item-959\" class=\"menu-item menu-item-type-post_type menu-item-object-page menu-item-959\"><a href=\"https:\/\/www.bigpoc.com.br\/?page_id=919\">Algod\u00e3o Doce Sabor Tutti-frutti 35 g<\/a><\/li>\n\t<li id=\"menu-item-962\" class=\"menu-item menu-item-type-post_type menu-item-object-page menu-item-962\"><a href=\"https:\/\/www.bigpoc.com.br\/?page_id=900\">Algod\u00e3o Doce Sabor Uva 35 g<\/a><\/li>\n\t<li id=\"menu-item-1788\" class=\"menu-item menu-item-type-post_type menu-item-object-page menu-item-1788\"><a href=\"https:\/\/www.bigpoc.com.br\/?page_id=1785\">Algod\u00e3o Doce Sabor Tangerina 35 g<\/a><\/li>\n\t<li id=\"menu-item-1798\" class=\"menu-item menu-item-type-post_type menu-item-object-page menu-item-1798\"><a href=\"https:\/\/www.bigpoc.com.br\/?page_id=1790\">Algod\u00e3o Doce Sabor Ma\u00e7\u00e3 Verde 35 g<\/a><\/li>\n<\/ul>\n<\/li>\n<\/ul><\/div>\t\t\t\t<\/div>\n\t\t\t\t<\/div>\n\t\t\t\t\t<\/div>\n\t\t<\/div>\n\t\t\t\t<div class=\"elementor-column elementor-col-50 elementor-top-column elementor-element elementor-element-e7a5c67\" data-id=\"e7a5c67\" data-element_type=\"column\">\n\t\t\t<div class=\"elementor-widget-wrap elementor-element-populated\">\n\t\t\t\t\t\t<section class=\"elementor-section elementor-inner-section elementor-element elementor-element-58fe648 elementor-section-boxed elementor-section-height-default elementor-section-height-default\" data-id=\"58fe648\" data-element_type=\"section\">\n\t\t\t\t\t\t<div class=\"elementor-container elementor-column-gap-default\">\n\t\t\t\t\t<div class=\"elementor-column elementor-col-33 elementor-inner-column elementor-element elementor-element-85a5a4c\" data-id=\"85a5a4c\" data-element_type=\"column\">\n\t\t\t<div class=\"elementor-widget-wrap elementor-element-populated\">\n\t\t\t\t\t\t<div class=\"elementor-element elementor-element-ca635f7 elementor-widget elementor-widget-heading\" data-id=\"ca635f7\" data-element_type=\"widget\" data-widget_type=\"heading.default\">\n\t\t\t\t<div class=\"elementor-widget-container\">\n\t\t\t\t\t<h2 class=\"elementor-heading-title elementor-size-default\">Sal Micronizado Amarelo\n(corante natural) 5 kg<\/h2>\t\t\t\t<\/div>\n\t\t\t\t<\/div>\n\t\t\t\t<div class=\"elementor-element elementor-element-079d8a9 elementor-widget elementor-widget-image\" data-id=\"079d8a9\" data-element_type=\"widget\" data-widget_type=\"image.default\">\n\t\t\t\t<div class=\"elementor-widget-container\">\n\t\t\t\t\t\t\t\t\t\t\t\t\t\t\t<img decoding=\"async\" width=\"192\" height=\"161\" src=\"https:\/\/www.bigpoc.com.br\/wp-content\/uploads\/2020\/06\/download-3-1.jpg\" class=\"attachment-full size-full wp-image-558\" alt=\"\" \/>\t\t\t\t\t\t\t\t\t\t\t\t\t\t\t<\/div>\n\t\t\t\t<\/div>\n\t\t\t\t<div class=\"elementor-element elementor-element-31632bf elementor-widget elementor-widget-text-editor\" data-id=\"31632bf\" data-element_type=\"widget\" data-widget_type=\"text-editor.default\">\n\t\t\t\t<div class=\"elementor-widget-container\">\n\t\t\t\t\t\t\t\t\t<p>Super fino e n\u00e3o deixa res\u00edduo na panela.<\/p>\t\t\t\t\t\t\t\t<\/div>\n\t\t\t\t<\/div>\n\t\t\t\t<div class=\"elementor-element elementor-element-da9257d elementor-align-center elementor-widget elementor-widget-button\" data-id=\"da9257d\" data-element_type=\"widget\" data-widget_type=\"button.default\">\n\t\t\t\t<div class=\"elementor-widget-container\">\n\t\t\t\t\t\t\t\t\t<div class=\"elementor-button-wrapper\">\n\t\t\t\t\t<a class=\"elementor-button elementor-button-link elementor-size-sm\" href=\"https:\/\/www.bigpoc.com.br\/pipocas-e-insumos\/sal\/sal-micronizado-amarelo-corante-natural-5-kg\/\">\n\t\t\t\t\t\t<span class=\"elementor-button-content-wrapper\">\n\t\t\t\t\t\t\t\t\t<span class=\"elementor-button-text\">Saiba mais<\/span>\n\t\t\t\t\t<\/span>\n\t\t\t\t\t<\/a>\n\t\t\t\t<\/div>\n\t\t\t\t\t\t\t\t<\/div>\n\t\t\t\t<\/div>\n\t\t\t\t<div class=\"elementor-element elementor-element-c0217a8 elementor-align-center add-list elementor-widget elementor-widget-button\" data-id=\"c0217a8\" data-element_type=\"widget\" data-widget_type=\"button.default\">\n\t\t\t\t<div class=\"elementor-widget-container\">\n\t\t\t\t\t\t\t\t\t<div class=\"elementor-button-wrapper\">\n\t\t\t\t\t<a class=\"elementor-button elementor-button-link elementor-size-xs\" href=\"#\">\n\t\t\t\t\t\t<span class=\"elementor-button-content-wrapper\">\n\t\t\t\t\t\t<span class=\"elementor-button-icon\">\n\t\t\t\t<i aria-hidden=\"true\" class=\"fas fa-clipboard-list\"><\/i>\t\t\t<\/span>\n\t\t\t\t\t\t\t\t\t<span class=\"elementor-button-text\">Adicionar \u00c0 minha lista<\/span>\n\t\t\t\t\t<\/span>\n\t\t\t\t\t<\/a>\n\t\t\t\t<\/div>\n\t\t\t\t\t\t\t\t<\/div>\n\t\t\t\t<\/div>\n\t\t\t\t\t<\/div>\n\t\t<\/div>\n\t\t\t\t<div class=\"elementor-column elementor-col-33 elementor-inner-column elementor-element elementor-element-628c33d\" data-id=\"628c33d\" data-element_type=\"column\">\n\t\t\t<div class=\"elementor-widget-wrap\">\n\t\t\t\t\t\t\t<\/div>\n\t\t<\/div>\n\t\t\t\t<div class=\"elementor-column elementor-col-33 elementor-inner-column elementor-element elementor-element-8caadb7\" data-id=\"8caadb7\" data-element_type=\"column\">\n\t\t\t<div class=\"elementor-widget-wrap\">\n\t\t\t\t\t\t\t<\/div>\n\t\t<\/div>\n\t\t\t\t\t<\/div>\n\t\t<\/section>\n\t\t\t\t\t<\/div>\n\t\t<\/div>\n\t\t\t\t\t<\/div>\n\t\t<\/section>\n\t\t\t\t<\/div>\n\t\t","protected":false},"excerpt":{"rendered":"<p>sal Produtos de qualidade s\u00e3o a base para um sabor diferenciado. Conhe\u00e7a nossos insumos e descubra o segredo do sabor Big Poc! Sal Micronizado Amarelo (corante natural) 5 kg Super fino e n\u00e3o deixa res\u00edduo na panela. Saiba mais Adicionar \u00c0 minha lista<\/p>\n","protected":false},"author":2,"featured_media":0,"parent":552,"menu_order":0,"comment_status":"closed","ping_status":"closed","template":"","meta":{"_acf_changed":false,"footnotes":""},"class_list":["post-579","page","type-page","status-publish","hentry"],"acf":[],"yoast_head":"<!-- This site is optimized with the Yoast SEO plugin v27.5 - https:\/\/yoast.com\/product\/yoast-seo-wordpress\/ -->\n<title>Sal - Big Poc<\/title>\n<meta name=\"robots\" content=\"index, follow, max-snippet:-1, max-image-preview:large, max-video-preview:-1\" \/>\n<link rel=\"canonical\" href=\"https:\/\/www.bigpoc.com.br\/?page_id=579\" \/>\n<meta property=\"og:locale\" content=\"pt_BR\" \/>\n<meta property=\"og:type\" content=\"article\" \/>\n<meta property=\"og:title\" content=\"Sal - Big Poc\" \/>\n<meta property=\"og:description\" content=\"sal Produtos de qualidade s\u00e3o a base para um sabor diferenciado. Conhe\u00e7a nossos insumos e descubra o segredo do sabor Big Poc! Sal Micronizado Amarelo (corante natural) 5 kg Super fino e n\u00e3o deixa res\u00edduo na panela. Saiba mais Adicionar \u00c0 minha lista\" \/>\n<meta property=\"og:url\" content=\"https:\/\/www.bigpoc.com.br\/?page_id=579\" \/>\n<meta property=\"og:site_name\" content=\"Big Poc\" \/>\n<meta property=\"article:publisher\" content=\"https:\/\/www.facebook.com\/bigpoc\" \/>\n<meta property=\"article:modified_time\" content=\"2020-07-29T20:43:59+00:00\" \/>\n<meta property=\"og:image\" content=\"https:\/\/www.bigpoc.com.br\/wp-content\/uploads\/2020\/06\/download-3-1.jpg\" \/>\n<meta name=\"twitter:card\" content=\"summary_large_image\" \/>\n<script type=\"application\/ld+json\" class=\"yoast-schema-graph\">{\"@context\":\"https:\\\/\\\/schema.org\",\"@graph\":[{\"@type\":\"WebPage\",\"@id\":\"https:\\\/\\\/www.bigpoc.com.br\\\/?page_id=579\",\"url\":\"https:\\\/\\\/www.bigpoc.com.br\\\/?page_id=579\",\"name\":\"Sal - Big Poc\",\"isPartOf\":{\"@id\":\"https:\\\/\\\/www.bigpoc.com.br\\\/#website\"},\"primaryImageOfPage\":{\"@id\":\"https:\\\/\\\/www.bigpoc.com.br\\\/?page_id=579#primaryimage\"},\"image\":{\"@id\":\"https:\\\/\\\/www.bigpoc.com.br\\\/?page_id=579#primaryimage\"},\"thumbnailUrl\":\"https:\\\/\\\/www.bigpoc.com.br\\\/wp-content\\\/uploads\\\/2020\\\/06\\\/download-3-1.jpg\",\"datePublished\":\"2020-06-30T02:40:56+00:00\",\"dateModified\":\"2020-07-29T20:43:59+00:00\",\"breadcrumb\":{\"@id\":\"https:\\\/\\\/www.bigpoc.com.br\\\/?page_id=579#breadcrumb\"},\"inLanguage\":\"pt-BR\",\"potentialAction\":[{\"@type\":\"ReadAction\",\"target\":[\"https:\\\/\\\/www.bigpoc.com.br\\\/?page_id=579\"]}]},{\"@type\":\"ImageObject\",\"inLanguage\":\"pt-BR\",\"@id\":\"https:\\\/\\\/www.bigpoc.com.br\\\/?page_id=579#primaryimage\",\"url\":\"https:\\\/\\\/www.bigpoc.com.br\\\/wp-content\\\/uploads\\\/2020\\\/06\\\/download-3-1.jpg\",\"contentUrl\":\"https:\\\/\\\/www.bigpoc.com.br\\\/wp-content\\\/uploads\\\/2020\\\/06\\\/download-3-1.jpg\",\"width\":192,\"height\":161},{\"@type\":\"BreadcrumbList\",\"@id\":\"https:\\\/\\\/www.bigpoc.com.br\\\/?page_id=579#breadcrumb\",\"itemListElement\":[{\"@type\":\"ListItem\",\"position\":1,\"name\":\"In\u00edcio\",\"item\":\"https:\\\/\\\/www.bigpoc.com.br\\\/\"},{\"@type\":\"ListItem\",\"position\":2,\"name\":\"Pipocas e insumos\",\"item\":\"https:\\\/\\\/www.bigpoc.com.br\\\/?page_id=552\"},{\"@type\":\"ListItem\",\"position\":3,\"name\":\"Sal\"}]},{\"@type\":\"WebSite\",\"@id\":\"https:\\\/\\\/www.bigpoc.com.br\\\/#website\",\"url\":\"https:\\\/\\\/www.bigpoc.com.br\\\/\",\"name\":\"Big Poc\",\"description\":\"Uma explos\u00e3o de sabor e divers\u00e3o\",\"publisher\":{\"@id\":\"https:\\\/\\\/www.bigpoc.com.br\\\/#organization\"},\"potentialAction\":[{\"@type\":\"SearchAction\",\"target\":{\"@type\":\"EntryPoint\",\"urlTemplate\":\"https:\\\/\\\/www.bigpoc.com.br\\\/?s={search_term_string}\"},\"query-input\":{\"@type\":\"PropertyValueSpecification\",\"valueRequired\":true,\"valueName\":\"search_term_string\"}}],\"inLanguage\":\"pt-BR\"},{\"@type\":\"Organization\",\"@id\":\"https:\\\/\\\/www.bigpoc.com.br\\\/#organization\",\"name\":\"Big Poc\",\"url\":\"https:\\\/\\\/www.bigpoc.com.br\\\/\",\"logo\":{\"@type\":\"ImageObject\",\"inLanguage\":\"pt-BR\",\"@id\":\"https:\\\/\\\/www.bigpoc.com.br\\\/#\\\/schema\\\/logo\\\/image\\\/\",\"url\":\"https:\\\/\\\/www.bigpoc.com.br\\\/wp-content\\\/uploads\\\/2020\\\/06\\\/Grupo-1.png\",\"contentUrl\":\"https:\\\/\\\/www.bigpoc.com.br\\\/wp-content\\\/uploads\\\/2020\\\/06\\\/Grupo-1.png\",\"width\":112,\"height\":99,\"caption\":\"Big Poc\"},\"image\":{\"@id\":\"https:\\\/\\\/www.bigpoc.com.br\\\/#\\\/schema\\\/logo\\\/image\\\/\"},\"sameAs\":[\"https:\\\/\\\/www.facebook.com\\\/bigpoc\",\"https:\\\/\\\/www.linkedin.com\\\/company\\\/big-poc?originalSubdomain=pt\",\"https:\\\/\\\/www.instagram.com\\\/bigpocpipoca\\\/\"]}]}<\/script>\n<!-- \/ Yoast SEO plugin. -->","yoast_head_json":{"title":"Sal - Big Poc","robots":{"index":"index","follow":"follow","max-snippet":"max-snippet:-1","max-image-preview":"max-image-preview:large","max-video-preview":"max-video-preview:-1"},"canonical":"https:\/\/www.bigpoc.com.br\/?page_id=579","og_locale":"pt_BR","og_type":"article","og_title":"Sal - Big Poc","og_description":"sal Produtos de qualidade s\u00e3o a base para um sabor diferenciado. Conhe\u00e7a nossos insumos e descubra o segredo do sabor Big Poc! Sal Micronizado Amarelo (corante natural) 5 kg Super fino e n\u00e3o deixa res\u00edduo na panela. Saiba mais Adicionar \u00c0 minha lista","og_url":"https:\/\/www.bigpoc.com.br\/?page_id=579","og_site_name":"Big Poc","article_publisher":"https:\/\/www.facebook.com\/bigpoc","article_modified_time":"2020-07-29T20:43:59+00:00","og_image":[{"url":"https:\/\/www.bigpoc.com.br\/wp-content\/uploads\/2020\/06\/download-3-1.jpg","type":"","width":"","height":""}],"twitter_card":"summary_large_image","schema":{"@context":"https:\/\/schema.org","@graph":[{"@type":"WebPage","@id":"https:\/\/www.bigpoc.com.br\/?page_id=579","url":"https:\/\/www.bigpoc.com.br\/?page_id=579","name":"Sal - Big Poc","isPartOf":{"@id":"https:\/\/www.bigpoc.com.br\/#website"},"primaryImageOfPage":{"@id":"https:\/\/www.bigpoc.com.br\/?page_id=579#primaryimage"},"image":{"@id":"https:\/\/www.bigpoc.com.br\/?page_id=579#primaryimage"},"thumbnailUrl":"https:\/\/www.bigpoc.com.br\/wp-content\/uploads\/2020\/06\/download-3-1.jpg","datePublished":"2020-06-30T02:40:56+00:00","dateModified":"2020-07-29T20:43:59+00:00","breadcrumb":{"@id":"https:\/\/www.bigpoc.com.br\/?page_id=579#breadcrumb"},"inLanguage":"pt-BR","potentialAction":[{"@type":"ReadAction","target":["https:\/\/www.bigpoc.com.br\/?page_id=579"]}]},{"@type":"ImageObject","inLanguage":"pt-BR","@id":"https:\/\/www.bigpoc.com.br\/?page_id=579#primaryimage","url":"https:\/\/www.bigpoc.com.br\/wp-content\/uploads\/2020\/06\/download-3-1.jpg","contentUrl":"https:\/\/www.bigpoc.com.br\/wp-content\/uploads\/2020\/06\/download-3-1.jpg","width":192,"height":161},{"@type":"BreadcrumbList","@id":"https:\/\/www.bigpoc.com.br\/?page_id=579#breadcrumb","itemListElement":[{"@type":"ListItem","position":1,"name":"In\u00edcio","item":"https:\/\/www.bigpoc.com.br\/"},{"@type":"ListItem","position":2,"name":"Pipocas e insumos","item":"https:\/\/www.bigpoc.com.br\/?page_id=552"},{"@type":"ListItem","position":3,"name":"Sal"}]},{"@type":"WebSite","@id":"https:\/\/www.bigpoc.com.br\/#website","url":"https:\/\/www.bigpoc.com.br\/","name":"Big Poc","description":"Uma explos\u00e3o de sabor e divers\u00e3o","publisher":{"@id":"https:\/\/www.bigpoc.com.br\/#organization"},"potentialAction":[{"@type":"SearchAction","target":{"@type":"EntryPoint","urlTemplate":"https:\/\/www.bigpoc.com.br\/?s={search_term_string}"},"query-input":{"@type":"PropertyValueSpecification","valueRequired":true,"valueName":"search_term_string"}}],"inLanguage":"pt-BR"},{"@type":"Organization","@id":"https:\/\/www.bigpoc.com.br\/#organization","name":"Big Poc","url":"https:\/\/www.bigpoc.com.br\/","logo":{"@type":"ImageObject","inLanguage":"pt-BR","@id":"https:\/\/www.bigpoc.com.br\/#\/schema\/logo\/image\/","url":"https:\/\/www.bigpoc.com.br\/wp-content\/uploads\/2020\/06\/Grupo-1.png","contentUrl":"https:\/\/www.bigpoc.com.br\/wp-content\/uploads\/2020\/06\/Grupo-1.png","width":112,"height":99,"caption":"Big Poc"},"image":{"@id":"https:\/\/www.bigpoc.com.br\/#\/schema\/logo\/image\/"},"sameAs":["https:\/\/www.facebook.com\/bigpoc","https:\/\/www.linkedin.com\/company\/big-poc?originalSubdomain=pt","https:\/\/www.instagram.com\/bigpocpipoca\/"]}]}},"_links":{"self":[{"href":"https:\/\/www.bigpoc.com.br\/index.php?rest_route=\/wp\/v2\/pages\/579","targetHints":{"allow":["GET"]}}],"collection":[{"href":"https:\/\/www.bigpoc.com.br\/index.php?rest_route=\/wp\/v2\/pages"}],"about":[{"href":"https:\/\/www.bigpoc.com.br\/index.php?rest_route=\/wp\/v2\/types\/page"}],"author":[{"embeddable":true,"href":"https:\/\/www.bigpoc.com.br\/index.php?rest_route=\/wp\/v2\/users\/2"}],"replies":[{"embeddable":true,"href":"https:\/\/www.bigpoc.com.br\/index.php?rest_route=%2Fwp%2Fv2%2Fcomments&post=579"}],"version-history":[{"count":0,"href":"https:\/\/www.bigpoc.com.br\/index.php?rest_route=\/wp\/v2\/pages\/579\/revisions"}],"up":[{"embeddable":true,"href":"https:\/\/www.bigpoc.com.br\/index.php?rest_route=\/wp\/v2\/pages\/552"}],"wp:attachment":[{"href":"https:\/\/www.bigpoc.com.br\/index.php?rest_route=%2Fwp%2Fv2%2Fmedia&parent=579"}],"curies":[{"name":"wp","href":"https:\/\/api.w.org\/{rel}","templated":true}]}}