{"id":474,"date":"2020-06-29T15:32:52","date_gmt":"2020-06-29T18:32:52","guid":{"rendered":"https:\/\/www.bigpoc.com.br\/?page_id=474"},"modified":"2025-10-08T14:47:47","modified_gmt":"2025-10-08T17:47:47","slug":"empresa","status":"publish","type":"page","link":"https:\/\/www.bigpoc.com.br\/?page_id=474","title":{"rendered":"Empresa"},"content":{"rendered":"\t\t<div data-elementor-type=\"wp-page\" data-elementor-id=\"474\" class=\"elementor elementor-474\">\n\t\t\t\t\t\t<section class=\"elementor-section elementor-top-section elementor-element elementor-element-b9e1f39 elementor-section-height-min-height elementor-section-boxed elementor-section-height-default elementor-section-items-middle\" data-id=\"b9e1f39\" data-element_type=\"section\" id=\"banner-text\" data-settings=\"{&quot;background_background&quot;:&quot;classic&quot;}\">\n\t\t\t\t\t\t<div class=\"elementor-container elementor-column-gap-default\">\n\t\t\t\t\t<div class=\"elementor-column elementor-col-50 elementor-top-column elementor-element elementor-element-65c6bf7\" data-id=\"65c6bf7\" data-element_type=\"column\">\n\t\t\t<div class=\"elementor-widget-wrap elementor-element-populated\">\n\t\t\t\t\t\t<div class=\"elementor-element elementor-element-70fc955 box-title elementor-widget elementor-widget-heading\" data-id=\"70fc955\" data-element_type=\"widget\" data-widget_type=\"heading.default\">\n\t\t\t\t<div class=\"elementor-widget-container\">\n\t\t\t\t\t<h2 class=\"elementor-heading-title elementor-size-default\"><span style=\"font-size:55px\">Sobre a <\/span><br>\nBig Poc<\/h2>\t\t\t\t<\/div>\n\t\t\t\t<\/div>\n\t\t\t\t<div class=\"elementor-element elementor-element-d99528b box-content elementor-widget elementor-widget-text-editor\" data-id=\"d99528b\" data-element_type=\"widget\" data-widget_type=\"text-editor.default\">\n\t\t\t\t<div class=\"elementor-widget-container\">\n\t\t\t\t\t\t\t\t\t<p>H\u00e1 mais de 20 anos, levamos sabor e divers\u00e3o para cinemas, parques, est\u00e1dios, parques de divers\u00e3o e entretenimento no geral, fornecemos insumos para pipoqueiras, pipoca e algod\u00e3o-doce de<br \/>sabor incompar\u00e1vel.<\/p>\t\t\t\t\t\t\t\t<\/div>\n\t\t\t\t<\/div>\n\t\t\t\t\t<\/div>\n\t\t<\/div>\n\t\t\t\t<div class=\"elementor-column elementor-col-50 elementor-top-column elementor-element elementor-element-f16f925 elementor-hidden-tablet elementor-hidden-phone elementor-invisible\" data-id=\"f16f925\" data-element_type=\"column\" data-settings=\"{&quot;animation&quot;:&quot;fadeInRight&quot;}\">\n\t\t\t<div class=\"elementor-widget-wrap elementor-element-populated\">\n\t\t\t\t\t\t<div class=\"elementor-element elementor-element-e8d9d5b elementor-absolute elementor-widget elementor-widget-image\" data-id=\"e8d9d5b\" data-element_type=\"widget\" data-settings=\"{&quot;_position&quot;:&quot;absolute&quot;}\" data-widget_type=\"image.default\">\n\t\t\t\t<div class=\"elementor-widget-container\">\n\t\t\t\t\t\t\t\t\t\t\t\t\t\t\t<img fetchpriority=\"high\" decoding=\"async\" width=\"797\" height=\"986\" src=\"https:\/\/www.bigpoc.com.br\/wp-content\/uploads\/2020\/06\/Pipoca-min.png\" class=\"attachment-full size-full wp-image-747\" alt=\"\" srcset=\"https:\/\/www.bigpoc.com.br\/wp-content\/uploads\/2020\/06\/Pipoca-min.png 797w, https:\/\/www.bigpoc.com.br\/wp-content\/uploads\/2020\/06\/Pipoca-min-242x300.png 242w, https:\/\/www.bigpoc.com.br\/wp-content\/uploads\/2020\/06\/Pipoca-min-768x950.png 768w\" sizes=\"(max-width: 797px) 100vw, 797px\" \/>\t\t\t\t\t\t\t\t\t\t\t\t\t\t\t<\/div>\n\t\t\t\t<\/div>\n\t\t\t\t\t<\/div>\n\t\t<\/div>\n\t\t\t\t\t<\/div>\n\t\t<\/section>\n\t\t\t\t<section class=\"elementor-section elementor-top-section elementor-element elementor-element-b3639f5 elementor-section-boxed elementor-section-height-default elementor-section-height-default\" data-id=\"b3639f5\" data-element_type=\"section\" id=\"box-empresa\">\n\t\t\t\t\t\t<div class=\"elementor-container elementor-column-gap-default\">\n\t\t\t\t\t<div class=\"elementor-column elementor-col-100 elementor-top-column elementor-element elementor-element-056a698\" data-id=\"056a698\" data-element_type=\"column\">\n\t\t\t<div class=\"elementor-widget-wrap elementor-element-populated\">\n\t\t\t\t\t\t<div class=\"elementor-element elementor-element-9828fd1 elementor-widget elementor-widget-heading\" data-id=\"9828fd1\" data-element_type=\"widget\" data-widget_type=\"heading.default\">\n\t\t\t\t<div class=\"elementor-widget-container\">\n\t\t\t\t\t<p class=\"elementor-heading-title elementor-size-default\">Nossas<\/p>\t\t\t\t<\/div>\n\t\t\t\t<\/div>\n\t\t\t\t<div class=\"elementor-element elementor-element-0d0cb8e elementor-widget elementor-widget-heading\" data-id=\"0d0cb8e\" data-element_type=\"widget\" data-widget_type=\"heading.default\">\n\t\t\t\t<div class=\"elementor-widget-container\">\n\t\t\t\t\t<h2 class=\"elementor-heading-title elementor-size-default\">LINHAS<\/h2>\t\t\t\t<\/div>\n\t\t\t\t<\/div>\n\t\t\t\t<div class=\"elementor-element elementor-element-5b2d703 elementor-icon-list--layout-inline elementor-align-center elementor-list-item-link-full_width elementor-widget elementor-widget-icon-list\" data-id=\"5b2d703\" data-element_type=\"widget\" data-widget_type=\"icon-list.default\">\n\t\t\t\t<div class=\"elementor-widget-container\">\n\t\t\t\t\t\t\t<ul class=\"elementor-icon-list-items elementor-inline-items\">\n\t\t\t\t\t\t\t<li class=\"elementor-icon-list-item elementor-inline-item\">\n\t\t\t\t\t\t\t\t\t\t\t<span class=\"elementor-icon-list-icon\">\n\t\t\t\t\t\t\t<i aria-hidden=\"true\" class=\"fas fa-star\"><\/i>\t\t\t\t\t\t<\/span>\n\t\t\t\t\t\t\t\t\t\t<span class=\"elementor-icon-list-text\"><\/span>\n\t\t\t\t\t\t\t\t\t<\/li>\n\t\t\t\t\t\t\t\t<li class=\"elementor-icon-list-item elementor-inline-item\">\n\t\t\t\t\t\t\t\t\t\t\t<span class=\"elementor-icon-list-icon\">\n\t\t\t\t\t\t\t<i aria-hidden=\"true\" class=\"fas fa-star\"><\/i>\t\t\t\t\t\t<\/span>\n\t\t\t\t\t\t\t\t\t\t<span class=\"elementor-icon-list-text\"><\/span>\n\t\t\t\t\t\t\t\t\t<\/li>\n\t\t\t\t\t\t\t\t<li class=\"elementor-icon-list-item elementor-inline-item\">\n\t\t\t\t\t\t\t\t\t\t\t<span class=\"elementor-icon-list-icon\">\n\t\t\t\t\t\t\t<i aria-hidden=\"true\" class=\"fas fa-star\"><\/i>\t\t\t\t\t\t<\/span>\n\t\t\t\t\t\t\t\t\t\t<span class=\"elementor-icon-list-text\"><\/span>\n\t\t\t\t\t\t\t\t\t<\/li>\n\t\t\t\t\t\t\t\t<li class=\"elementor-icon-list-item elementor-inline-item\">\n\t\t\t\t\t\t\t\t\t\t\t<span class=\"elementor-icon-list-icon\">\n\t\t\t\t\t\t\t<i aria-hidden=\"true\" class=\"fas fa-star\"><\/i>\t\t\t\t\t\t<\/span>\n\t\t\t\t\t\t\t\t\t\t<span class=\"elementor-icon-list-text\"><\/span>\n\t\t\t\t\t\t\t\t\t<\/li>\n\t\t\t\t\t\t\t\t<li class=\"elementor-icon-list-item elementor-inline-item\">\n\t\t\t\t\t\t\t\t\t\t\t<span class=\"elementor-icon-list-icon\">\n\t\t\t\t\t\t\t<i aria-hidden=\"true\" class=\"fas fa-star\"><\/i>\t\t\t\t\t\t<\/span>\n\t\t\t\t\t\t\t\t\t\t<span class=\"elementor-icon-list-text\"><\/span>\n\t\t\t\t\t\t\t\t\t<\/li>\n\t\t\t\t\t\t<\/ul>\n\t\t\t\t\t\t<\/div>\n\t\t\t\t<\/div>\n\t\t\t\t<div class=\"elementor-element elementor-element-68efed4 elementor-arrows-position-outside elementor-widget elementor-widget-image-carousel\" data-id=\"68efed4\" data-element_type=\"widget\" data-settings=\"{&quot;slides_to_show&quot;:&quot;4&quot;,&quot;navigation&quot;:&quot;arrows&quot;,&quot;infinite&quot;:&quot;no&quot;,&quot;autoplay&quot;:&quot;yes&quot;,&quot;pause_on_hover&quot;:&quot;yes&quot;,&quot;pause_on_interaction&quot;:&quot;yes&quot;,&quot;autoplay_speed&quot;:5000,&quot;speed&quot;:500}\" data-widget_type=\"image-carousel.default\">\n\t\t\t\t<div class=\"elementor-widget-container\">\n\t\t\t\t\t\t\t<div class=\"elementor-image-carousel-wrapper swiper\" role=\"region\" aria-roledescription=\"carousel\" aria-label=\"Carrossel de imagens\" dir=\"ltr\">\n\t\t\t<div class=\"elementor-image-carousel swiper-wrapper\" aria-live=\"off\">\n\t\t\t\t\t\t\t\t<div class=\"swiper-slide\" role=\"group\" aria-roledescription=\"slide\" aria-label=\"1 de 6\"><figure class=\"swiper-slide-inner\"><img decoding=\"async\" class=\"swiper-slide-image\" src=\"https:\/\/www.bigpoc.com.br\/wp-content\/uploads\/2020\/06\/Grupo-1128-4.jpg\" alt=\"Grupo 1128\" \/><figcaption class=\"elementor-image-carousel-caption\"><p>Milho para pipoca\n<\/p>\n<a href=\"\/pipocas-e-insumos\/milho-para-pipoqueira\/\">Saiba mais<\/a><\/figcaption><\/figure><\/div><div class=\"swiper-slide\" role=\"group\" aria-roledescription=\"slide\" aria-label=\"2 de 6\"><figure class=\"swiper-slide-inner\"><img decoding=\"async\" class=\"swiper-slide-image\" src=\"https:\/\/www.bigpoc.com.br\/wp-content\/uploads\/2020\/06\/Grupo-1129-1.jpg\" alt=\"Grupo 1129\" \/><figcaption class=\"elementor-image-carousel-caption\"><p>Misturas para pipoca<\/p>\n<a href=\"\/pipocas-e-insumos\/mistura-para-pipoca\/\">Saiba mais<\/a><\/figcaption><\/figure><\/div><div class=\"swiper-slide\" role=\"group\" aria-roledescription=\"slide\" aria-label=\"3 de 6\"><figure class=\"swiper-slide-inner\"><img decoding=\"async\" class=\"swiper-slide-image\" src=\"https:\/\/www.bigpoc.com.br\/wp-content\/uploads\/2020\/06\/Grupo-1130-1.jpg\" alt=\"Grupo 1130\" \/><figcaption class=\"elementor-image-carousel-caption\"><p>Pipoqueiras<\/p>\n<a href=\"\/equipamentos\/pipoqueiras\/\">Saiba mais<\/a><\/figcaption><\/figure><\/div><div class=\"swiper-slide\" role=\"group\" aria-roledescription=\"slide\" aria-label=\"4 de 6\"><figure class=\"swiper-slide-inner\"><img decoding=\"async\" class=\"swiper-slide-image\" src=\"https:\/\/www.bigpoc.com.br\/wp-content\/uploads\/2020\/06\/Grupo-1131.jpg\" alt=\"Grupo 1131\" \/><figcaption class=\"elementor-image-carousel-caption\"><p>Pipocas prontas<\/p>\n<a href=\"\/pipocas-prontas\/\">Saiba mais<\/a><\/figcaption><\/figure><\/div><div class=\"swiper-slide\" role=\"group\" aria-roledescription=\"slide\" aria-label=\"5 de 6\"><figure class=\"swiper-slide-inner\"><img decoding=\"async\" class=\"swiper-slide-image\" src=\"https:\/\/www.bigpoc.com.br\/wp-content\/uploads\/2020\/06\/Grupo-1132.jpg\" alt=\"Grupo-1132\" \/><figcaption class=\"elementor-image-carousel-caption\"><p>Algod\u00e3o Doce<\/p>\n<a href=\"\/algodao-doce\/\">Saiba mais<\/a><\/figcaption><\/figure><\/div><div class=\"swiper-slide\" role=\"group\" aria-roledescription=\"slide\" aria-label=\"6 de 6\"><figure class=\"swiper-slide-inner\"><img decoding=\"async\" class=\"swiper-slide-image\" src=\"https:\/\/www.bigpoc.com.br\/wp-content\/uploads\/2020\/06\/Grupo-1133.jpg\" alt=\"Grupo 1133\" \/><figcaption class=\"elementor-image-carousel-caption\"><p>SAL<\/p>\n<a href=\"\/pipocas-e-insumos\/sal\/\">Saiba mais<\/a><\/figcaption><\/figure><\/div>\t\t\t<\/div>\n\t\t\t\t\t\t\t\t\t\t\t\t<div class=\"elementor-swiper-button elementor-swiper-button-prev\" role=\"button\" tabindex=\"0\">\n\t\t\t\t\t\t<i aria-hidden=\"true\" class=\"eicon-chevron-left\"><\/i>\t\t\t\t\t<\/div>\n\t\t\t\t\t<div class=\"elementor-swiper-button elementor-swiper-button-next\" role=\"button\" tabindex=\"0\">\n\t\t\t\t\t\t<i aria-hidden=\"true\" class=\"eicon-chevron-right\"><\/i>\t\t\t\t\t<\/div>\n\t\t\t\t\n\t\t\t\t\t\t\t\t\t<\/div>\n\t\t\t\t\t\t<\/div>\n\t\t\t\t<\/div>\n\t\t\t\t<div class=\"elementor-element elementor-element-8c93e7b elementor-widget elementor-widget-image\" data-id=\"8c93e7b\" data-element_type=\"widget\" data-widget_type=\"image.default\">\n\t\t\t\t<div class=\"elementor-widget-container\">\n\t\t\t\t\t\t\t\t\t\t\t\t\t\t\t<img decoding=\"async\" width=\"280\" height=\"58\" src=\"https:\/\/www.bigpoc.com.br\/wp-content\/uploads\/2020\/01\/goldmedal.png\" class=\"attachment-large size-large wp-image-91\" alt=\"\" \/>\t\t\t\t\t\t\t\t\t\t\t\t\t\t\t<\/div>\n\t\t\t\t<\/div>\n\t\t\t\t<div class=\"elementor-element elementor-element-1f90b02 elementor-widget elementor-widget-text-editor\" data-id=\"1f90b02\" data-element_type=\"widget\" data-widget_type=\"text-editor.default\">\n\t\t\t\t<div class=\"elementor-widget-container\">\n\t\t\t\t\t\t\t\t\t<p>Somos representantes exclusivos da Gold Medal no Brasil, l\u00edder mundial em m\u00e1quinas para fast food e pipoqueiras robustas, com gabinete de a\u00e7o inox e vidros temperados remov\u00edveis.<\/p>\t\t\t\t\t\t\t\t<\/div>\n\t\t\t\t<\/div>\n\t\t\t\t<div class=\"elementor-element elementor-element-64ba1ba elementor-widget elementor-widget-heading\" data-id=\"64ba1ba\" data-element_type=\"widget\" data-widget_type=\"heading.default\">\n\t\t\t\t<div class=\"elementor-widget-container\">\n\t\t\t\t\t<h2 class=\"elementor-heading-title elementor-size-default\">Certifica\u00e7\u00e3o IFS <\/h2>\t\t\t\t<\/div>\n\t\t\t\t<\/div>\n\t\t\t\t<div class=\"elementor-element elementor-element-baa1d64 elementor-widget elementor-widget-image\" data-id=\"baa1d64\" data-element_type=\"widget\" data-widget_type=\"image.default\">\n\t\t\t\t<div class=\"elementor-widget-container\">\n\t\t\t\t\t\t\t\t\t\t\t\t\t\t\t<img decoding=\"async\" width=\"300\" height=\"193\" src=\"https:\/\/www.bigpoc.com.br\/wp-content\/uploads\/2025\/10\/logo-IFS.png\" class=\"attachment-large size-large wp-image-42733\" alt=\"Logo IFS\" srcset=\"https:\/\/www.bigpoc.com.br\/wp-content\/uploads\/2025\/10\/logo-IFS.png 300w, https:\/\/www.bigpoc.com.br\/wp-content\/uploads\/2025\/10\/logo-IFS-250x161.png 250w\" sizes=\"(max-width: 300px) 100vw, 300px\" \/>\t\t\t\t\t\t\t\t\t\t\t\t\t\t\t<\/div>\n\t\t\t\t<\/div>\n\t\t\t\t\t<\/div>\n\t\t<\/div>\n\t\t\t\t\t<\/div>\n\t\t<\/section>\n\t\t\t\t<section class=\"elementor-section elementor-top-section elementor-element elementor-element-f76c602 elementor-section-boxed elementor-section-height-default elementor-section-height-default\" data-id=\"f76c602\" data-element_type=\"section\">\n\t\t\t\t\t\t<div class=\"elementor-container elementor-column-gap-default\">\n\t\t\t\t\t<div class=\"elementor-column elementor-col-50 elementor-top-column elementor-element elementor-element-4a538ab\" data-id=\"4a538ab\" data-element_type=\"column\">\n\t\t\t<div class=\"elementor-widget-wrap elementor-element-populated\">\n\t\t\t\t\t\t<div class=\"elementor-element elementor-element-e1bd112 elementor-align-right elementor-mobile-align-justify elementor-widget elementor-widget-button\" data-id=\"e1bd112\" data-element_type=\"widget\" data-widget_type=\"button.default\">\n\t\t\t\t<div class=\"elementor-widget-container\">\n\t\t\t\t\t\t\t\t\t<div class=\"elementor-button-wrapper\">\n\t\t\t\t\t<a class=\"elementor-button elementor-button-link elementor-size-sm\" href=\"https:\/\/www.bigpoc.com.br\/wp-content\/uploads\/2025\/10\/big-poc-ind-e-com-de-alimentos-e-maquinas-carta-de-confirmacao.pdf\" target=\"_blank\" rel=\"nofollow\" title=\"Carta de recomenda\u00e7\u00e3o - Portugu\u00eas\">\n\t\t\t\t\t\t<span class=\"elementor-button-content-wrapper\">\n\t\t\t\t\t\t\t\t\t<span class=\"elementor-button-text\">Carta de recomenda\u00e7\u00e3o - Portugu\u00eas<\/span>\n\t\t\t\t\t<\/span>\n\t\t\t\t\t<\/a>\n\t\t\t\t<\/div>\n\t\t\t\t\t\t\t\t<\/div>\n\t\t\t\t<\/div>\n\t\t\t\t\t<\/div>\n\t\t<\/div>\n\t\t\t\t<div class=\"elementor-column elementor-col-50 elementor-top-column elementor-element elementor-element-3354c37\" data-id=\"3354c37\" data-element_type=\"column\">\n\t\t\t<div class=\"elementor-widget-wrap elementor-element-populated\">\n\t\t\t\t\t\t<div class=\"elementor-element elementor-element-6448801 elementor-align-left elementor-mobile-align-justify elementor-widget elementor-widget-button\" data-id=\"6448801\" data-element_type=\"widget\" data-widget_type=\"button.default\">\n\t\t\t\t<div class=\"elementor-widget-container\">\n\t\t\t\t\t\t\t\t\t<div class=\"elementor-button-wrapper\">\n\t\t\t\t\t<a class=\"elementor-button elementor-button-link elementor-size-sm\" href=\"https:\/\/www.bigpoc.com.br\/wp-content\/uploads\/2025\/10\/big-poc-ind-e-com-de-alimentos-e-maquinas-carta-de-confirmacao-ingles.pdf\" target=\"_blank\" rel=\"nofollow\" title=\"Carta de recomenda\u00e7\u00e3o - Ingl\u00eas\">\n\t\t\t\t\t\t<span class=\"elementor-button-content-wrapper\">\n\t\t\t\t\t\t\t\t\t<span class=\"elementor-button-text\">Carta de recomenda\u00e7\u00e3o - Ingl\u00eas<\/span>\n\t\t\t\t\t<\/span>\n\t\t\t\t\t<\/a>\n\t\t\t\t<\/div>\n\t\t\t\t\t\t\t\t<\/div>\n\t\t\t\t<\/div>\n\t\t\t\t\t<\/div>\n\t\t<\/div>\n\t\t\t\t\t<\/div>\n\t\t<\/section>\n\t\t\t\t<\/div>\n\t\t","protected":false},"excerpt":{"rendered":"<p>Sobre a Big Poc H\u00e1 mais de 20 anos, levamos sabor e divers\u00e3o para cinemas, parques, est\u00e1dios, parques de divers\u00e3o e entretenimento no geral, fornecemos insumos para pipoqueiras, pipoca e algod\u00e3o-doce desabor incompar\u00e1vel. Nossas LINHAS Milho para pipoca Saiba mais Misturas para pipoca Saiba mais Pipoqueiras Saiba mais Pipocas prontas Saiba mais Algod\u00e3o Doce Saiba [&hellip;]<\/p>\n","protected":false},"author":2,"featured_media":0,"parent":0,"menu_order":0,"comment_status":"closed","ping_status":"closed","template":"elementor_header_footer","meta":{"_acf_changed":false,"footnotes":""},"class_list":["post-474","page","type-page","status-publish","hentry"],"acf":[],"yoast_head":"<!-- This site is optimized with the Yoast SEO plugin v27.5 - https:\/\/yoast.com\/product\/yoast-seo-wordpress\/ -->\n<title>Empresa - Big Poc<\/title>\n<meta name=\"robots\" content=\"index, follow, max-snippet:-1, max-image-preview:large, max-video-preview:-1\" \/>\n<link rel=\"canonical\" href=\"https:\/\/www.bigpoc.com.br\/?page_id=474\" \/>\n<meta property=\"og:locale\" content=\"pt_BR\" \/>\n<meta property=\"og:type\" content=\"article\" \/>\n<meta property=\"og:title\" content=\"Empresa - Big Poc\" \/>\n<meta property=\"og:description\" content=\"Sobre a Big Poc H\u00e1 mais de 20 anos, levamos sabor e divers\u00e3o para cinemas, parques, est\u00e1dios, parques de divers\u00e3o e entretenimento no geral, fornecemos insumos para pipoqueiras, pipoca e algod\u00e3o-doce desabor incompar\u00e1vel. Nossas LINHAS Milho para pipoca Saiba mais Misturas para pipoca Saiba mais Pipoqueiras Saiba mais Pipocas prontas Saiba mais Algod\u00e3o Doce Saiba [&hellip;]\" \/>\n<meta property=\"og:url\" content=\"https:\/\/www.bigpoc.com.br\/?page_id=474\" \/>\n<meta property=\"og:site_name\" content=\"Big Poc\" \/>\n<meta property=\"article:publisher\" content=\"https:\/\/www.facebook.com\/bigpoc\" \/>\n<meta property=\"article:modified_time\" content=\"2025-10-08T17:47:47+00:00\" \/>\n<meta property=\"og:image\" content=\"https:\/\/www.bigpoc.com.br\/wp-content\/uploads\/2020\/06\/Pipoca-min.png\" \/>\n<meta name=\"twitter:card\" content=\"summary_large_image\" \/>\n<meta name=\"twitter:label1\" content=\"Est. tempo de leitura\" \/>\n\t<meta name=\"twitter:data1\" content=\"3 minutos\" \/>\n<script type=\"application\/ld+json\" class=\"yoast-schema-graph\">{\"@context\":\"https:\\\/\\\/schema.org\",\"@graph\":[{\"@type\":\"WebPage\",\"@id\":\"https:\\\/\\\/www.bigpoc.com.br\\\/?page_id=474\",\"url\":\"https:\\\/\\\/www.bigpoc.com.br\\\/?page_id=474\",\"name\":\"Empresa - Big Poc\",\"isPartOf\":{\"@id\":\"https:\\\/\\\/www.bigpoc.com.br\\\/#website\"},\"primaryImageOfPage\":{\"@id\":\"https:\\\/\\\/www.bigpoc.com.br\\\/?page_id=474#primaryimage\"},\"image\":{\"@id\":\"https:\\\/\\\/www.bigpoc.com.br\\\/?page_id=474#primaryimage\"},\"thumbnailUrl\":\"https:\\\/\\\/www.bigpoc.com.br\\\/wp-content\\\/uploads\\\/2020\\\/06\\\/Pipoca-min.png\",\"datePublished\":\"2020-06-29T18:32:52+00:00\",\"dateModified\":\"2025-10-08T17:47:47+00:00\",\"breadcrumb\":{\"@id\":\"https:\\\/\\\/www.bigpoc.com.br\\\/?page_id=474#breadcrumb\"},\"inLanguage\":\"pt-BR\",\"potentialAction\":[{\"@type\":\"ReadAction\",\"target\":[\"https:\\\/\\\/www.bigpoc.com.br\\\/?page_id=474\"]}]},{\"@type\":\"ImageObject\",\"inLanguage\":\"pt-BR\",\"@id\":\"https:\\\/\\\/www.bigpoc.com.br\\\/?page_id=474#primaryimage\",\"url\":\"https:\\\/\\\/www.bigpoc.com.br\\\/wp-content\\\/uploads\\\/2020\\\/06\\\/Pipoca-min.png\",\"contentUrl\":\"https:\\\/\\\/www.bigpoc.com.br\\\/wp-content\\\/uploads\\\/2020\\\/06\\\/Pipoca-min.png\",\"width\":797,\"height\":986},{\"@type\":\"BreadcrumbList\",\"@id\":\"https:\\\/\\\/www.bigpoc.com.br\\\/?page_id=474#breadcrumb\",\"itemListElement\":[{\"@type\":\"ListItem\",\"position\":1,\"name\":\"In\u00edcio\",\"item\":\"https:\\\/\\\/www.bigpoc.com.br\\\/\"},{\"@type\":\"ListItem\",\"position\":2,\"name\":\"Empresa\"}]},{\"@type\":\"WebSite\",\"@id\":\"https:\\\/\\\/www.bigpoc.com.br\\\/#website\",\"url\":\"https:\\\/\\\/www.bigpoc.com.br\\\/\",\"name\":\"Big Poc\",\"description\":\"Uma explos\u00e3o de sabor e divers\u00e3o\",\"publisher\":{\"@id\":\"https:\\\/\\\/www.bigpoc.com.br\\\/#organization\"},\"potentialAction\":[{\"@type\":\"SearchAction\",\"target\":{\"@type\":\"EntryPoint\",\"urlTemplate\":\"https:\\\/\\\/www.bigpoc.com.br\\\/?s={search_term_string}\"},\"query-input\":{\"@type\":\"PropertyValueSpecification\",\"valueRequired\":true,\"valueName\":\"search_term_string\"}}],\"inLanguage\":\"pt-BR\"},{\"@type\":\"Organization\",\"@id\":\"https:\\\/\\\/www.bigpoc.com.br\\\/#organization\",\"name\":\"Big Poc\",\"url\":\"https:\\\/\\\/www.bigpoc.com.br\\\/\",\"logo\":{\"@type\":\"ImageObject\",\"inLanguage\":\"pt-BR\",\"@id\":\"https:\\\/\\\/www.bigpoc.com.br\\\/#\\\/schema\\\/logo\\\/image\\\/\",\"url\":\"https:\\\/\\\/www.bigpoc.com.br\\\/wp-content\\\/uploads\\\/2020\\\/06\\\/Grupo-1.png\",\"contentUrl\":\"https:\\\/\\\/www.bigpoc.com.br\\\/wp-content\\\/uploads\\\/2020\\\/06\\\/Grupo-1.png\",\"width\":112,\"height\":99,\"caption\":\"Big Poc\"},\"image\":{\"@id\":\"https:\\\/\\\/www.bigpoc.com.br\\\/#\\\/schema\\\/logo\\\/image\\\/\"},\"sameAs\":[\"https:\\\/\\\/www.facebook.com\\\/bigpoc\",\"https:\\\/\\\/www.linkedin.com\\\/company\\\/big-poc?originalSubdomain=pt\",\"https:\\\/\\\/www.instagram.com\\\/bigpocpipoca\\\/\"]}]}<\/script>\n<!-- \/ Yoast SEO plugin. -->","yoast_head_json":{"title":"Empresa - Big Poc","robots":{"index":"index","follow":"follow","max-snippet":"max-snippet:-1","max-image-preview":"max-image-preview:large","max-video-preview":"max-video-preview:-1"},"canonical":"https:\/\/www.bigpoc.com.br\/?page_id=474","og_locale":"pt_BR","og_type":"article","og_title":"Empresa - Big Poc","og_description":"Sobre a Big Poc H\u00e1 mais de 20 anos, levamos sabor e divers\u00e3o para cinemas, parques, est\u00e1dios, parques de divers\u00e3o e entretenimento no geral, fornecemos insumos para pipoqueiras, pipoca e algod\u00e3o-doce desabor incompar\u00e1vel. Nossas LINHAS Milho para pipoca Saiba mais Misturas para pipoca Saiba mais Pipoqueiras Saiba mais Pipocas prontas Saiba mais Algod\u00e3o Doce Saiba [&hellip;]","og_url":"https:\/\/www.bigpoc.com.br\/?page_id=474","og_site_name":"Big Poc","article_publisher":"https:\/\/www.facebook.com\/bigpoc","article_modified_time":"2025-10-08T17:47:47+00:00","og_image":[{"url":"https:\/\/www.bigpoc.com.br\/wp-content\/uploads\/2020\/06\/Pipoca-min.png","type":"","width":"","height":""}],"twitter_card":"summary_large_image","twitter_misc":{"Est. tempo de leitura":"3 minutos"},"schema":{"@context":"https:\/\/schema.org","@graph":[{"@type":"WebPage","@id":"https:\/\/www.bigpoc.com.br\/?page_id=474","url":"https:\/\/www.bigpoc.com.br\/?page_id=474","name":"Empresa - Big Poc","isPartOf":{"@id":"https:\/\/www.bigpoc.com.br\/#website"},"primaryImageOfPage":{"@id":"https:\/\/www.bigpoc.com.br\/?page_id=474#primaryimage"},"image":{"@id":"https:\/\/www.bigpoc.com.br\/?page_id=474#primaryimage"},"thumbnailUrl":"https:\/\/www.bigpoc.com.br\/wp-content\/uploads\/2020\/06\/Pipoca-min.png","datePublished":"2020-06-29T18:32:52+00:00","dateModified":"2025-10-08T17:47:47+00:00","breadcrumb":{"@id":"https:\/\/www.bigpoc.com.br\/?page_id=474#breadcrumb"},"inLanguage":"pt-BR","potentialAction":[{"@type":"ReadAction","target":["https:\/\/www.bigpoc.com.br\/?page_id=474"]}]},{"@type":"ImageObject","inLanguage":"pt-BR","@id":"https:\/\/www.bigpoc.com.br\/?page_id=474#primaryimage","url":"https:\/\/www.bigpoc.com.br\/wp-content\/uploads\/2020\/06\/Pipoca-min.png","contentUrl":"https:\/\/www.bigpoc.com.br\/wp-content\/uploads\/2020\/06\/Pipoca-min.png","width":797,"height":986},{"@type":"BreadcrumbList","@id":"https:\/\/www.bigpoc.com.br\/?page_id=474#breadcrumb","itemListElement":[{"@type":"ListItem","position":1,"name":"In\u00edcio","item":"https:\/\/www.bigpoc.com.br\/"},{"@type":"ListItem","position":2,"name":"Empresa"}]},{"@type":"WebSite","@id":"https:\/\/www.bigpoc.com.br\/#website","url":"https:\/\/www.bigpoc.com.br\/","name":"Big Poc","description":"Uma explos\u00e3o de sabor e divers\u00e3o","publisher":{"@id":"https:\/\/www.bigpoc.com.br\/#organization"},"potentialAction":[{"@type":"SearchAction","target":{"@type":"EntryPoint","urlTemplate":"https:\/\/www.bigpoc.com.br\/?s={search_term_string}"},"query-input":{"@type":"PropertyValueSpecification","valueRequired":true,"valueName":"search_term_string"}}],"inLanguage":"pt-BR"},{"@type":"Organization","@id":"https:\/\/www.bigpoc.com.br\/#organization","name":"Big Poc","url":"https:\/\/www.bigpoc.com.br\/","logo":{"@type":"ImageObject","inLanguage":"pt-BR","@id":"https:\/\/www.bigpoc.com.br\/#\/schema\/logo\/image\/","url":"https:\/\/www.bigpoc.com.br\/wp-content\/uploads\/2020\/06\/Grupo-1.png","contentUrl":"https:\/\/www.bigpoc.com.br\/wp-content\/uploads\/2020\/06\/Grupo-1.png","width":112,"height":99,"caption":"Big Poc"},"image":{"@id":"https:\/\/www.bigpoc.com.br\/#\/schema\/logo\/image\/"},"sameAs":["https:\/\/www.facebook.com\/bigpoc","https:\/\/www.linkedin.com\/company\/big-poc?originalSubdomain=pt","https:\/\/www.instagram.com\/bigpocpipoca\/"]}]}},"_links":{"self":[{"href":"https:\/\/www.bigpoc.com.br\/index.php?rest_route=\/wp\/v2\/pages\/474","targetHints":{"allow":["GET"]}}],"collection":[{"href":"https:\/\/www.bigpoc.com.br\/index.php?rest_route=\/wp\/v2\/pages"}],"about":[{"href":"https:\/\/www.bigpoc.com.br\/index.php?rest_route=\/wp\/v2\/types\/page"}],"author":[{"embeddable":true,"href":"https:\/\/www.bigpoc.com.br\/index.php?rest_route=\/wp\/v2\/users\/2"}],"replies":[{"embeddable":true,"href":"https:\/\/www.bigpoc.com.br\/index.php?rest_route=%2Fwp%2Fv2%2Fcomments&post=474"}],"version-history":[{"count":36,"href":"https:\/\/www.bigpoc.com.br\/index.php?rest_route=\/wp\/v2\/pages\/474\/revisions"}],"predecessor-version":[{"id":42771,"href":"https:\/\/www.bigpoc.com.br\/index.php?rest_route=\/wp\/v2\/pages\/474\/revisions\/42771"}],"wp:attachment":[{"href":"https:\/\/www.bigpoc.com.br\/index.php?rest_route=%2Fwp%2Fv2%2Fmedia&parent=474"}],"curies":[{"name":"wp","href":"https:\/\/api.w.org\/{rel}","templated":true}]}}